{"id":2745,"date":"2019-09-09T12:23:21","date_gmt":"2019-09-09T16:23:21","guid":{"rendered":"https:\/\/www.freefairandalive.org\/?page_id=2745"},"modified":"2020-07-09T15:25:30","modified_gmt":"2020-07-09T15:25:30","slug":"la-comunal-la-newsletter-de-los-comunes","status":"publish","type":"page","link":"https:\/\/freefairandalive.org\/es\/la-comunal-la-newsletter-de-los-comunes\/","title":{"rendered":"La Comunal: La Newsletter de los Comunes"},"content":{"rendered":"<p>&nbsp;<\/p>\r\n\r\n<p class=\"is-layout-flow wp-block-quote-is-layout-flow\">&nbsp;<\/p>\r\n<blockquote class=\"wp-block-quote is-style-large\"><strong><img decoding=\"async\" class=\"aligncenter wp-image-2899 size-full\" src=\"https:\/\/www.freefairandalive.org\/wp-content\/uploads\/2020\/06\/La-Comunal-v2.jpg\" alt=\"\" width=\"1100\" height=\"780\" srcset=\"https:\/\/freefairandalive.org\/wp-content\/uploads\/2020\/06\/La-Comunal-v2.jpg 1100w, https:\/\/freefairandalive.org\/wp-content\/uploads\/2020\/06\/La-Comunal-v2-300x213.jpg 300w, https:\/\/freefairandalive.org\/wp-content\/uploads\/2020\/06\/La-Comunal-v2-768x545.jpg 768w, https:\/\/freefairandalive.org\/wp-content\/uploads\/2020\/06\/La-Comunal-v2-806x572.jpg 806w, https:\/\/freefairandalive.org\/wp-content\/uploads\/2020\/06\/La-Comunal-v2-558x396.jpg 558w, https:\/\/freefairandalive.org\/wp-content\/uploads\/2020\/06\/La-Comunal-v2-655x464.jpg 655w, https:\/\/freefairandalive.org\/wp-content\/uploads\/2020\/06\/La-Comunal-v2-600x425.jpg 600w\" sizes=\"(max-width: 1100px) 100vw, 1100px\" \/><\/strong><\/blockquote>\r\n<blockquote class=\"wp-block-quote is-style-large\"><strong>Es dif\u00edcil imaginar alternativas en un mundo en el que todo se desmorona, en el que los beneficios son m\u00e1s importantes que las personas y el planeta, en el que sentimos que estamos m\u00e1s conectados y m\u00e1s distanciados que nunca. Pero, de hecho, s\u00ed que las hay, hay muchas alternativas y gente que ya las ha hecho realidad por todo el mundo.<\/strong><\/blockquote>\r\n\r\n\r\n\r\n<h2 class=\"wp-block-heading\"><strong>Toda semilla necesita quebrar su c\u00e1scara para germinar y crecer.<\/strong><\/h2>\r\n\r\n\r\n\r\n<p>La pandemia de la covid-19 ha supuesto un punto de inflexi\u00f3n en nuestras vidas y en este crucial episodio de la historia del planeta. El sistema en el que hemos vivido hasta ahora se descubre como una estructura decr\u00e9pita y desquiciada que se desmorona. Ha estado funcionando a fuerza de desigualdades sociales, esclavitud y explotaci\u00f3n, destrucci\u00f3n del medio ambiente y un perverso culto al dinero que ha desplazado a la vida, en todas sus formas, a un segundo plano.<\/p>\r\n\r\n\r\n\r\n<p>Es el momento de decidir si queremos reimaginar nuestras estructuras de aprovisionamiento y abandonar las fantas\u00edas neoliberales de crecimiento ilimitado y mercados globales para construir sistemas resilientes y regenerativos.\u00a0 Ante la privatizaci\u00f3n, extracci\u00f3n y abuso de sistemas y recursos comunes, \u00bfy si las comunidades recuperasen el control sobre ellos, velando por su conservaci\u00f3n y regeneraci\u00f3n? Si hay suficientes recursos para abastecer a todos, \u00bfpor qu\u00e9 permitir que una minor\u00eda explote los recursos a expensas de la desposesi\u00f3n del Sur Global y del medio ambiente? \u00bfPodemos desarrollar una conciencia que trascienda la emergencia del momento? Con cada entrega de esta newsletter te invitamos a explorar el mundo del procom\u00fan, a trav\u00e9s del prisma de una nueva ontolog\u00eda. Observaremos econom\u00edas alternativas, intercambiaremos conocimientos y experiencias, y reflexionaremos sobre la forma en que vivimos y nos relacionamos (entre personas y con nuestro entorno). \u00bfQu\u00e9 queremos? Queremos que de esta semilla crezcan vigorosas ra\u00edces para construir un mundo m\u00e1s libre, m\u00e1s justo y m\u00e1s vivo.<\/p>\r\n\r\n<p>&nbsp;<\/p>\r\n\r\n<div class=\"wp-block-buttons aligncenter\"><a class=\"wp-block-button__link has-text-color has-very-light-gray-color has-background has-vivid-red-background-color\" href=\"http:\/\/eepurl.com\/g4ZmAn\"><strong>\u00a1Suscr\u00edbeme!<\/strong><\/a><\/div>\r\n<!-- \/wp:post-content -->\r\n\r\n<!-- wp:separator --><hr class=\"wp-block-separator\" \/><!-- \/wp:separator -->\r\n<p>&nbsp;<\/p>\r\n<!-- wp:paragraph -->\r\n<p><img decoding=\"async\" class=\"aligncenter wp-image-2902 size-full\" src=\"https:\/\/www.freefairandalive.org\/wp-content\/uploads\/2020\/06\/Comunal-strip.jpg\" alt=\"\" width=\"1600\" height=\"344\" srcset=\"https:\/\/freefairandalive.org\/wp-content\/uploads\/2020\/06\/Comunal-strip.jpg 1600w, https:\/\/freefairandalive.org\/wp-content\/uploads\/2020\/06\/Comunal-strip-300x65.jpg 300w, https:\/\/freefairandalive.org\/wp-content\/uploads\/2020\/06\/Comunal-strip-768x165.jpg 768w, https:\/\/freefairandalive.org\/wp-content\/uploads\/2020\/06\/Comunal-strip-1536x330.jpg 1536w, https:\/\/freefairandalive.org\/wp-content\/uploads\/2020\/06\/Comunal-strip-1116x240.jpg 1116w, https:\/\/freefairandalive.org\/wp-content\/uploads\/2020\/06\/Comunal-strip-806x173.jpg 806w, https:\/\/freefairandalive.org\/wp-content\/uploads\/2020\/06\/Comunal-strip-558x120.jpg 558w, https:\/\/freefairandalive.org\/wp-content\/uploads\/2020\/06\/Comunal-strip-655x141.jpg 655w\" sizes=\"(max-width: 1600px) 100vw, 1600px\" \/><\/p>\r\n<p>En cada edici\u00f3n de <strong><em>La Comunal<\/em><\/strong> encontrar\u00e1s:<\/p>\r\n<!-- \/wp:paragraph -->\r\n\r\n<!-- wp:list -->\r\n<ul>\r\n<li>Reflexiones originales sobre los comunes y otros movimientos complementarios, como el decrecimiento, el decolonialismo, el ecofeminismo o el P2P<\/li>\r\n<li>Proyectos, casos de estudio y ejemplos pr\u00e1cticos de comunes<\/li>\r\n<li>Enlaces a art\u00edculos de inter\u00e9s<\/li>\r\n<li>Listados de eventos sobre el mundo del procom\u00fan<\/li>\r\n<li>Serializaci\u00f3n de textos largos y libros, empezando con <a href=\"https:\/\/www.freefairandalive.org\/es\/\"><em>Libres, Dignos y Vivos,<\/em><\/a> de David Bollier y Silke Helfrich.\u00a1Gracias por acompa\u00f1arnos en este viaje!<\/li>\r\n<\/ul>\r\n<p><strong>Postdata: <\/strong>\u00bfTienes contactos que hablan ingl\u00e9s? Comparte o suscr\u00edbete a nuestra newsletter-hermana <em>The Commoner\u00a0<\/em><a href=\"http:\/\/commonstransition.org\/newsletter\/\">aqu\u00ed<\/a>.<\/p>\r\n<p><strong>Postpostdata:<\/strong> \u00bfTe has perdido los n\u00fameros anteriores de <em>La Comunal<\/em> y tu instinto te ha tra\u00eddo hasta aqu\u00ed? \u00a1Pues d\u00e1le las gracias! <a href=\"https:\/\/us3.campaign-archive.com\/home\/?u=264f449ada6578c5f4b1aff25&amp;id=327f553e88\"><strong>Aqu\u00ed tienes el archivo donde puedes leer todas las entregas existentes de nuestra newsletter.<\/strong><\/a><\/p>\r\n<!-- \/wp:list -->\r\n\r\n<!-- wp:paragraph -->\r\n<p>El equipo de Guerrilla Media Collective<\/p>\r\n<!-- \/wp:paragraph -->\r\n<p>&nbsp;<\/p>\r\n<p>&nbsp;<\/p>\r\n<!-- wp:preformatted \/--><!-- Begin Mailchimp Signup Form -->\r\n<p><style type=\"text\/css\">\r\n\t#mc_embed_signup{background:#fff; clear:left; font:14px Helvetica,Arial,sans-serif; width:100%;}<br \/>\t\/* Add your own Mailchimp form style overrides in your site stylesheet or in this style block.<br \/>\t   We recommend moving this block and the preceding CSS link to the HEAD of your HTML file. *\/<br \/><\/style><\/p>\r\n<div id=\"mc_embed_signup\"><form id=\"mc-embedded-subscribe-form\" class=\"validate\" action=\"https:\/\/guerrillatranslation.us3.list-manage.com\/subscribe\/post?u=264f449ada6578c5f4b1aff25&amp;id=327f553e88\" method=\"post\" name=\"mc-embedded-subscribe-form\" novalidate=\"\" target=\"_blank\">\r\n<div id=\"mc_embed_signup_scroll\"><label for=\"mce-EMAIL\">\u00a1Suscr\u00edbete!<\/label> <input id=\"mce-EMAIL\" class=\"email\" name=\"EMAIL\" required=\"\" type=\"email\" value=\"\" placeholder=\"direcci\u00f3n de correo\" \/> <!-- real people should not fill this in and expect good things - do not remove this or risk form bot signups-->\r\n<div style=\"position: absolute; left: -5000px;\" aria-hidden=\"true\"><input tabindex=\"-1\" name=\"b_264f449ada6578c5f4b1aff25_327f553e88\" type=\"text\" value=\"\" \/><\/div>\r\n<div class=\"clear\"><input id=\"mc-embedded-subscribe\" class=\"button\" name=\"subscribe\" type=\"submit\" value=\"Subscribe\" \/><\/div>\r\n<\/div>\r\n<\/form><\/div>\r\n<!--End mc_embed_signup-->\r\n<pre class=\"wp-block-preformatted\">\u00a0<\/pre>\r\n<!-- \/wp:preformatted -->\r\n\r\n<!-- wp:separator --><hr class=\"wp-block-separator\" \/><!-- \/wp:separator -->\r\n\r\n<!-- wp:list -->\r\n<ul>\r\n<li>\u00a0Im\u00e1genes de <a href=\"http:\/\/www.obeygiant.com\/\" target=\"_blank\" rel=\"noreferrer noopener\">Shepard Fairey<\/a>\/<a href=\"https:\/\/vimeo.com\/54262412\" target=\"_blank\" rel=\"noreferrer noopener\">Pachamama Alliance<\/a> y <a href=\"http:\/\/www.open-source-embroidery.org.uk\/osembroidery.htm\" target=\"_blank\" rel=\"noreferrer noopener\">Open Source Embroidery<\/a><\/li>\r\n<\/ul>","protected":false},"excerpt":{"rendered":"<p>&nbsp; &nbsp; Es dif\u00edcil imaginar alternativas en un mundo en el que todo se desmorona, en el que los beneficios son m\u00e1s importantes que las personas y el planeta, en el que sentimos que estamos m\u00e1s conectados y m\u00e1s distanciados que nunca. Pero, de hecho, s\u00ed que las hay, hay muchas alternativas y gente que&hellip;<\/p>\n","protected":false},"author":4,"featured_media":2899,"parent":0,"menu_order":0,"comment_status":"closed","ping_status":"closed","template":"","meta":{"footnotes":"","_links_to":"","_links_to_target":""},"class_list":["post-2745","page","type-page","status-publish","has-post-thumbnail","hentry"],"_links":{"self":[{"href":"https:\/\/freefairandalive.org\/es\/wp-json\/wp\/v2\/pages\/2745","targetHints":{"allow":["GET"]}}],"collection":[{"href":"https:\/\/freefairandalive.org\/es\/wp-json\/wp\/v2\/pages"}],"about":[{"href":"https:\/\/freefairandalive.org\/es\/wp-json\/wp\/v2\/types\/page"}],"author":[{"embeddable":true,"href":"https:\/\/freefairandalive.org\/es\/wp-json\/wp\/v2\/users\/4"}],"replies":[{"embeddable":true,"href":"https:\/\/freefairandalive.org\/es\/wp-json\/wp\/v2\/comments?post=2745"}],"version-history":[{"count":12,"href":"https:\/\/freefairandalive.org\/es\/wp-json\/wp\/v2\/pages\/2745\/revisions"}],"predecessor-version":[{"id":3179,"href":"https:\/\/freefairandalive.org\/es\/wp-json\/wp\/v2\/pages\/2745\/revisions\/3179"}],"wp:featuredmedia":[{"embeddable":true,"href":"https:\/\/freefairandalive.org\/es\/wp-json\/wp\/v2\/media\/2899"}],"wp:attachment":[{"href":"https:\/\/freefairandalive.org\/es\/wp-json\/wp\/v2\/media?parent=2745"}],"curies":[{"name":"wp","href":"https:\/\/api.w.org\/{rel}","templated":true}]}}