{"id":2707,"date":"2019-07-21T23:07:38","date_gmt":"2019-07-21T23:07:38","guid":{"rendered":"https:\/\/www.freefairandalive.org\/?page_id=2707"},"modified":"2020-06-30T13:57:47","modified_gmt":"2020-06-30T13:57:47","slug":"gramatica-visual","status":"publish","type":"page","link":"https:\/\/freefairandalive.org\/es\/gramatica-visual\/","title":{"rendered":"Gram\u00e1tica Visual"},"content":{"rendered":"<div class=\"wpb-content-wrapper\"><p>[vc_row full_width=\u00bbstretch_row\u00bb css=\u00bb.vc_custom_1564503595717{padding-top: 20px !important;padding-bottom: 70px !important;}\u00bb][vc_column][vc_text_separator title=\u00bbGram\u00e1tica visual para las ilustraciones de los patrones\u00bb title_align=\u00bbseparator_align_left\u00bb align=\u00bbalign_right\u00bb color=\u00bbblack\u00bb el_class=\u00bbpagetitle\u00bb][vc_row_inner][vc_column_inner width=\u00bb1\/6&#8243;][\/vc_column_inner][vc_column_inner el_class=\u00bbvisualgrammar\u00bb width=\u00bb2\/3&#8243; css=\u00bb.vc_custom_1563750812536{padding-top: 60px !important;padding-right: 60px !important;padding-bottom: 60px !important;padding-left: 60px !important;background-color: #ffffff !important;}\u00bb][vc_column_text]<strong>Esta gram\u00e1tica visual ha sido desarrollada por <a href=\"http:\/\/www.valentintada.net\/es\/obra-grafica-cs\/\">Merc\u00e8 M. Tarr\u00e9s<\/a> (Guerrilla Media Collective), a partir de una propuesta gr\u00e1fica inicial sugerida por Frederica Di Pietri y Chiara Rovescala.<\/strong><\/p>\n<hr \/>\n<ul>\n<li>Cada ilustraci\u00f3n contiene dos capas de informaci\u00f3n.<\/li>\n<li>La primera capa es la esfera alrededor de la cual los puntos y cuadrados<br \/>\nse mueven y representa el contexto de la creaci\u00f3n de procom\u00fan.<\/li>\n<li>La capa din\u00e1mica contiene los puntos y cuadrados que est\u00e1n acotados<br \/>\npor la esfera o se mueven por ella, y representa la relaci\u00f3n entre<br \/>\nsujeto\/agente y predicado\/acci\u00f3n.<\/li>\n<\/ul>\n<hr \/>\n<h3><strong>Capa 1: Esfera <\/strong><\/h3>\n<p>La acci\u00f3n tiene lugar dentro, entre y alrededor de una o m\u00e1s esferas semitransparentes.<\/p>\n<p><img decoding=\"async\" class=\"wp-image-514 size-full aligncenter\" src=\"http:\/\/www.freefairandalive.org\/wp-content\/uploads\/2019\/07\/VG_01.png\" alt=\"Visual Grammar \/ Layer 1: Sphere\" width=\"1500\" height=\"800\" srcset=\"https:\/\/freefairandalive.org\/wp-content\/uploads\/2019\/07\/VG_01.png 1500w, https:\/\/freefairandalive.org\/wp-content\/uploads\/2019\/07\/VG_01-300x160.png 300w, https:\/\/freefairandalive.org\/wp-content\/uploads\/2019\/07\/VG_01-768x410.png 768w, https:\/\/freefairandalive.org\/wp-content\/uploads\/2019\/07\/VG_01-1116x595.png 1116w, https:\/\/freefairandalive.org\/wp-content\/uploads\/2019\/07\/VG_01-806x430.png 806w, https:\/\/freefairandalive.org\/wp-content\/uploads\/2019\/07\/VG_01-558x298.png 558w, https:\/\/freefairandalive.org\/wp-content\/uploads\/2019\/07\/VG_01-655x349.png 655w\" sizes=\"(max-width: 1500px) 100vw, 1500px\" \/><\/p>\n<p>Nuestra esfera es el procom\u00fan, formada y representada por una textura din\u00e1mica de puntos y cuadrados que simboliza m\u00faltiples realidades distintas, la participaci\u00f3n de los comuneros en relaciones interdependientes con el mundo que se encuentra fuera del \u00e1mbito del procom\u00fan.<\/p>\n<h4>Los comunes<\/h4>\n<ul>\n<li>\u201cSon procesos VIVOS, COMPLEJOS Y ADAPTATIVOS que generan riqueza y satisfacen las necesidades de las personas.\u201d<\/li>\n<li>En contraposici\u00f3n, el sistema capitalista (o sus elementos) est\u00e1n representados mediante cuadrados sin tonalidad, gradiente ni textura.<\/li>\n<\/ul>\n<p><img decoding=\"async\" class=\"alignnone wp-image-513 size-full\" src=\"http:\/\/www.freefairandalive.org\/wp-content\/uploads\/2019\/07\/VG_02.png\" alt=\"Visual Grammar \/ Commons\" width=\"1500\" height=\"408\" srcset=\"https:\/\/freefairandalive.org\/wp-content\/uploads\/2019\/07\/VG_02.png 1500w, https:\/\/freefairandalive.org\/wp-content\/uploads\/2019\/07\/VG_02-300x82.png 300w, https:\/\/freefairandalive.org\/wp-content\/uploads\/2019\/07\/VG_02-768x209.png 768w, https:\/\/freefairandalive.org\/wp-content\/uploads\/2019\/07\/VG_02-1116x304.png 1116w, https:\/\/freefairandalive.org\/wp-content\/uploads\/2019\/07\/VG_02-806x219.png 806w, https:\/\/freefairandalive.org\/wp-content\/uploads\/2019\/07\/VG_02-558x152.png 558w, https:\/\/freefairandalive.org\/wp-content\/uploads\/2019\/07\/VG_02-655x178.png 655w\" sizes=\"(max-width: 1500px) 100vw, 1500px\" \/><\/p>\n<hr \/>\n<h4>La creaci\u00f3n de procom\u00fan<\/h4>\n<p><img decoding=\"async\" class=\"alignnone wp-image-510 size-full\" src=\"http:\/\/www.freefairandalive.org\/wp-content\/uploads\/2019\/07\/VG_03.png\" alt=\"Visual Grammar \/ Commoning - Inside \/ Outside\" width=\"1500\" height=\"800\" srcset=\"https:\/\/freefairandalive.org\/wp-content\/uploads\/2019\/07\/VG_03.png 1500w, https:\/\/freefairandalive.org\/wp-content\/uploads\/2019\/07\/VG_03-300x160.png 300w, https:\/\/freefairandalive.org\/wp-content\/uploads\/2019\/07\/VG_03-768x410.png 768w, https:\/\/freefairandalive.org\/wp-content\/uploads\/2019\/07\/VG_03-1116x595.png 1116w, https:\/\/freefairandalive.org\/wp-content\/uploads\/2019\/07\/VG_03-806x430.png 806w, https:\/\/freefairandalive.org\/wp-content\/uploads\/2019\/07\/VG_03-558x298.png 558w, https:\/\/freefairandalive.org\/wp-content\/uploads\/2019\/07\/VG_03-655x349.png 655w\" sizes=\"(max-width: 1500px) 100vw, 1500px\" \/><\/p>\n<h4>Dentro<\/h4>\n<ul>\n<li>Personas dise\u00f1ando y aplicando sistemas espec\u00edficos de SUSTENTO INTEGRAL y GOBERNANZA P2P para cada situaci\u00f3n.<\/li>\n<li>En el interior de un \u00fanico com\u00fan<\/li>\n<li>Local<\/li>\n<\/ul>\n<h4>Fuera<\/h4>\n<ul>\n<li>Personas, cosas o ideas <em>interactuando<\/em> con el exterior (por ejemplo, el sistema de mercado)<\/li>\n<li>Entre comunes diversos<\/li>\n<li>Global \/ red \/ federaci\u00f3n<\/li>\n<\/ul>\n<hr \/>\n<p>El punto y la esfera son representaciones abstractas de individuos y de comunes, respectivamente. Ambas son din\u00e1micas (no est\u00e1ticas) y est\u00e1n representadas de forma circular. Ambas existen en singularidades y pluralidades (relacionales).<\/p>\n<p><em>\u201c\u2019Yo soy porque nosotros somos y, puesto que somos, soy\u2019.<br \/>\nEl individuo forma parte de un nosotros y, de hecho, de m\u00faltiples nosotros.<br \/>\n<\/em><em>Ambos conceptos se encuentran profundamente interrelacionados.\u201d<\/em><\/p>\n<p><em>\u00a0<\/em><\/p>\n<p><img decoding=\"async\" class=\"alignnone wp-image-512 size-full\" src=\"http:\/\/www.freefairandalive.org\/wp-content\/uploads\/2019\/07\/VG_04.png\" alt=\"FREE, FAIR &amp; ALIVE \u2014 Visual Grammar \/ Layer 1: Commoning \" width=\"1500\" height=\"800\" srcset=\"https:\/\/freefairandalive.org\/wp-content\/uploads\/2019\/07\/VG_04.png 1500w, https:\/\/freefairandalive.org\/wp-content\/uploads\/2019\/07\/VG_04-300x160.png 300w, https:\/\/freefairandalive.org\/wp-content\/uploads\/2019\/07\/VG_04-768x410.png 768w, https:\/\/freefairandalive.org\/wp-content\/uploads\/2019\/07\/VG_04-1116x595.png 1116w, https:\/\/freefairandalive.org\/wp-content\/uploads\/2019\/07\/VG_04-806x430.png 806w, https:\/\/freefairandalive.org\/wp-content\/uploads\/2019\/07\/VG_04-558x298.png 558w, https:\/\/freefairandalive.org\/wp-content\/uploads\/2019\/07\/VG_04-655x349.png 655w\" sizes=\"(max-width: 1500px) 100vw, 1500px\" \/><\/p>\n<hr \/>\n<h3>Capa 2: Puntos y cuadrados, flujos y \u00e1reas<\/h3>\n<h4>Comuneros<\/h4>\n<p><em>\u201cLa identidad y el papel social que las personas adquieren cuando practican y<\/em><em> CREAN PROCOM\u00daN.\u201d<\/em><\/p>\n<h4>Comuni\u00f3n<\/h4>\n<p><em>\u201cEl proceso mediante el cual los <\/em><em>Comuneros<\/em><em> participan en relaciones interdependientes con <\/em><em>el mundo m\u00e1s all\u00e1 de lo humano.\u201d<\/em><\/p>\n<p><img decoding=\"async\" class=\"alignnone size-full wp-image-511\" src=\"http:\/\/www.freefairandalive.org\/wp-content\/uploads\/2019\/07\/VG_05.png\" alt=\"Visual Grammar \/ Layer2: Communion - Individuals \/ Commoners\" width=\"1500\" height=\"800\" srcset=\"https:\/\/freefairandalive.org\/wp-content\/uploads\/2019\/07\/VG_05.png 1500w, https:\/\/freefairandalive.org\/wp-content\/uploads\/2019\/07\/VG_05-300x160.png 300w, https:\/\/freefairandalive.org\/wp-content\/uploads\/2019\/07\/VG_05-768x410.png 768w, https:\/\/freefairandalive.org\/wp-content\/uploads\/2019\/07\/VG_05-1116x595.png 1116w, https:\/\/freefairandalive.org\/wp-content\/uploads\/2019\/07\/VG_05-806x430.png 806w, https:\/\/freefairandalive.org\/wp-content\/uploads\/2019\/07\/VG_05-558x298.png 558w, https:\/\/freefairandalive.org\/wp-content\/uploads\/2019\/07\/VG_05-655x349.png 655w\" sizes=\"(max-width: 1500px) 100vw, 1500px\" \/><\/p>\n<hr \/>\n<p>Los puntos y los cuadrados se concentran en forma de flujos y \u00e1reas, perfilando espacios dentro y fuera de las esferas.<\/p>\n<p><img decoding=\"async\" class=\"alignnone size-full wp-image-509\" src=\"http:\/\/www.freefairandalive.org\/wp-content\/uploads\/2019\/07\/VG_06.png\" alt=\"Visual Grammar \/ Layer2\" width=\"1500\" height=\"647\" srcset=\"https:\/\/freefairandalive.org\/wp-content\/uploads\/2019\/07\/VG_06.png 1500w, https:\/\/freefairandalive.org\/wp-content\/uploads\/2019\/07\/VG_06-300x129.png 300w, https:\/\/freefairandalive.org\/wp-content\/uploads\/2019\/07\/VG_06-768x331.png 768w, https:\/\/freefairandalive.org\/wp-content\/uploads\/2019\/07\/VG_06-1116x481.png 1116w, https:\/\/freefairandalive.org\/wp-content\/uploads\/2019\/07\/VG_06-806x348.png 806w, https:\/\/freefairandalive.org\/wp-content\/uploads\/2019\/07\/VG_06-558x241.png 558w, https:\/\/freefairandalive.org\/wp-content\/uploads\/2019\/07\/VG_06-655x283.png 655w\" sizes=\"(max-width: 1500px) 100vw, 1500px\" \/><\/p>\n<hr \/>\n<p>Los flujos de puntos y cuadrados representan conexiones, relaciones, direcciones, acciones concretas y espacios. Los flujos se expanden en \u00e1reas m\u00e1s amplias.<\/p>\n<p style=\"text-align: center;\"><img decoding=\"async\" class=\"alignnone size-full wp-image-508\" src=\"http:\/\/www.freefairandalive.org\/wp-content\/uploads\/2019\/07\/VG_07.png\" alt=\"Visual Grammar \/ Layer2\" width=\"1500\" height=\"800\" srcset=\"https:\/\/freefairandalive.org\/wp-content\/uploads\/2019\/07\/VG_07.png 1500w, https:\/\/freefairandalive.org\/wp-content\/uploads\/2019\/07\/VG_07-300x160.png 300w, https:\/\/freefairandalive.org\/wp-content\/uploads\/2019\/07\/VG_07-768x410.png 768w, https:\/\/freefairandalive.org\/wp-content\/uploads\/2019\/07\/VG_07-1116x595.png 1116w, https:\/\/freefairandalive.org\/wp-content\/uploads\/2019\/07\/VG_07-806x430.png 806w, https:\/\/freefairandalive.org\/wp-content\/uploads\/2019\/07\/VG_07-558x298.png 558w, https:\/\/freefairandalive.org\/wp-content\/uploads\/2019\/07\/VG_07-655x349.png 655w\" sizes=\"(max-width: 1500px) 100vw, 1500px\" \/><\/p>\n<p>Las \u00e1reas de puntos y cuadrados est\u00e1n acotadas por el exterior de la esfera o se mueven dentro de ella, creando formas din\u00e1micas.<\/p>\n<hr \/>\n<p><img decoding=\"async\" class=\"alignnone size-full wp-image-507\" src=\"http:\/\/www.freefairandalive.org\/wp-content\/uploads\/2019\/07\/VG_08.png\" alt=\"Visual Grammar \u2014 Size = diverse realities\" width=\"1500\" height=\"313\" srcset=\"https:\/\/freefairandalive.org\/wp-content\/uploads\/2019\/07\/VG_08.png 1500w, https:\/\/freefairandalive.org\/wp-content\/uploads\/2019\/07\/VG_08-300x63.png 300w, https:\/\/freefairandalive.org\/wp-content\/uploads\/2019\/07\/VG_08-768x160.png 768w, https:\/\/freefairandalive.org\/wp-content\/uploads\/2019\/07\/VG_08-1116x233.png 1116w, https:\/\/freefairandalive.org\/wp-content\/uploads\/2019\/07\/VG_08-806x168.png 806w, https:\/\/freefairandalive.org\/wp-content\/uploads\/2019\/07\/VG_08-558x116.png 558w, https:\/\/freefairandalive.org\/wp-content\/uploads\/2019\/07\/VG_08-655x137.png 655w\" sizes=\"(max-width: 1500px) 100vw, 1500px\" \/><\/p>\n<h4>Tama\u00f1o = Realidades distintas<\/h4>\n<p>El tama\u00f1o de los elementos expresa diferentes realidades. Los puntos y los cuadrados, los flujos y las \u00e1reas se comportan de formas distintas.<\/p>\n<p><img decoding=\"async\" class=\"alignnone size-full wp-image-506\" src=\"http:\/\/www.freefairandalive.org\/wp-content\/uploads\/2019\/07\/VG_09.png\" alt=\"Visual Grammar \u2014 Density = power\" width=\"1500\" height=\"394\" srcset=\"https:\/\/freefairandalive.org\/wp-content\/uploads\/2019\/07\/VG_09.png 1500w, https:\/\/freefairandalive.org\/wp-content\/uploads\/2019\/07\/VG_09-300x79.png 300w, https:\/\/freefairandalive.org\/wp-content\/uploads\/2019\/07\/VG_09-768x202.png 768w, https:\/\/freefairandalive.org\/wp-content\/uploads\/2019\/07\/VG_09-1116x293.png 1116w, https:\/\/freefairandalive.org\/wp-content\/uploads\/2019\/07\/VG_09-806x212.png 806w, https:\/\/freefairandalive.org\/wp-content\/uploads\/2019\/07\/VG_09-558x147.png 558w, https:\/\/freefairandalive.org\/wp-content\/uploads\/2019\/07\/VG_09-655x172.png 655w\" sizes=\"(max-width: 1500px) 100vw, 1500px\" \/><\/p>\n<h4>Densidad = Poder<\/h4>\n<p>La densidad se consigue aumentando el volumen de los elementos, sobreponiendo y reduciendo el espacio entre ellos.<\/p>\n<p><img decoding=\"async\" class=\"alignnone size-full wp-image-505\" src=\"http:\/\/www.freefairandalive.org\/wp-content\/uploads\/2019\/07\/VG_10.png\" alt=\"Visual Grammar \u2014 Movement\/shift = aliveness\" width=\"1500\" height=\"365\" srcset=\"https:\/\/freefairandalive.org\/wp-content\/uploads\/2019\/07\/VG_10.png 1500w, https:\/\/freefairandalive.org\/wp-content\/uploads\/2019\/07\/VG_10-300x73.png 300w, https:\/\/freefairandalive.org\/wp-content\/uploads\/2019\/07\/VG_10-768x187.png 768w, https:\/\/freefairandalive.org\/wp-content\/uploads\/2019\/07\/VG_10-1116x272.png 1116w, https:\/\/freefairandalive.org\/wp-content\/uploads\/2019\/07\/VG_10-806x196.png 806w, https:\/\/freefairandalive.org\/wp-content\/uploads\/2019\/07\/VG_10-558x136.png 558w, https:\/\/freefairandalive.org\/wp-content\/uploads\/2019\/07\/VG_10-655x159.png 655w\" sizes=\"(max-width: 1500px) 100vw, 1500px\" \/><\/p>\n<h4>Movimiento\/Cambio = Vivacidad<\/h4>\n<p><em>Cometas<\/em> = Direcci\u00f3n. La direcci\u00f3n se representa mediante flujos de puntos que disminuyen de tama\u00f1o de forma progresiva. La<em> cabeza<\/em> del<em> cometa<\/em> est\u00e1 formada por puntos m\u00e1s grandes y con una densidad mayor.<\/p>\n<p><img decoding=\"async\" class=\"alignnone size-full wp-image-504\" src=\"http:\/\/www.freefairandalive.org\/wp-content\/uploads\/2019\/07\/VG_11.png\" alt=\"Visual Grammar \u2014 Organic vs. ordered configurations = Free vs. ruled activities\/relations\" width=\"1500\" height=\"295\" srcset=\"https:\/\/freefairandalive.org\/wp-content\/uploads\/2019\/07\/VG_11.png 1500w, https:\/\/freefairandalive.org\/wp-content\/uploads\/2019\/07\/VG_11-300x59.png 300w, https:\/\/freefairandalive.org\/wp-content\/uploads\/2019\/07\/VG_11-768x151.png 768w, https:\/\/freefairandalive.org\/wp-content\/uploads\/2019\/07\/VG_11-1116x219.png 1116w, https:\/\/freefairandalive.org\/wp-content\/uploads\/2019\/07\/VG_11-806x159.png 806w, https:\/\/freefairandalive.org\/wp-content\/uploads\/2019\/07\/VG_11-558x110.png 558w, https:\/\/freefairandalive.org\/wp-content\/uploads\/2019\/07\/VG_11-655x129.png 655w\" sizes=\"(max-width: 1500px) 100vw, 1500px\" \/><\/p>\n<h4>Configuraciones org\u00e1nicas vs. ordenadas = Actividades y relaciones libres vs. regladas<\/h4>\n<hr \/>\n<h4>Todos estos elementos describen de forma gr\u00e1fica din\u00e1micas relacionales.<\/h4>\n<p><em>\u201cDado que todos y cada uno de ellos est\u00e1 en evoluci\u00f3n permanente y se ve afectado constantemente por m\u00faltiples influencias, el mundo no cuenta con una sola definici\u00f3n o representaci\u00f3n \u00fanica. \u2026 Es un Pluriverso, una diversidad de organismos sociales din\u00e1micos y vivos que est\u00e1n vinculados por nuestra humanidad com\u00fan y nuestra interdependencia con otras formas de vida y con la Tierra.\u201d<\/em><\/p>\n<hr \/>\n<p><img decoding=\"async\" class=\"alignnone size-full wp-image-503\" src=\"http:\/\/www.freefairandalive.org\/wp-content\/uploads\/2019\/07\/VG_12.png\" alt=\"Visual Grammar \u2014 Relational Dynamics\" width=\"1500\" height=\"800\" srcset=\"https:\/\/freefairandalive.org\/wp-content\/uploads\/2019\/07\/VG_12.png 1500w, https:\/\/freefairandalive.org\/wp-content\/uploads\/2019\/07\/VG_12-300x160.png 300w, https:\/\/freefairandalive.org\/wp-content\/uploads\/2019\/07\/VG_12-768x410.png 768w, https:\/\/freefairandalive.org\/wp-content\/uploads\/2019\/07\/VG_12-1116x595.png 1116w, https:\/\/freefairandalive.org\/wp-content\/uploads\/2019\/07\/VG_12-806x430.png 806w, https:\/\/freefairandalive.org\/wp-content\/uploads\/2019\/07\/VG_12-558x298.png 558w, https:\/\/freefairandalive.org\/wp-content\/uploads\/2019\/07\/VG_12-655x349.png 655w\" sizes=\"(max-width: 1500px) 100vw, 1500px\" \/><\/p>\n<p style=\"text-align: center;\">***<\/p>\n<p>Los tipos de din\u00e1micas relacionales expresadas por los patrones y su traducci\u00f3n gr\u00e1fica.<\/p>\n<p style=\"text-align: center;\"><img decoding=\"async\" class=\"alignnone size-full wp-image-502\" src=\"http:\/\/www.freefairandalive.org\/wp-content\/uploads\/2019\/07\/VG_13.png\" alt=\"Visual Grammar \u2014 Relational Dynamics\" width=\"1500\" height=\"800\" srcset=\"https:\/\/freefairandalive.org\/wp-content\/uploads\/2019\/07\/VG_13.png 1500w, https:\/\/freefairandalive.org\/wp-content\/uploads\/2019\/07\/VG_13-300x160.png 300w, https:\/\/freefairandalive.org\/wp-content\/uploads\/2019\/07\/VG_13-768x410.png 768w, https:\/\/freefairandalive.org\/wp-content\/uploads\/2019\/07\/VG_13-1116x595.png 1116w, https:\/\/freefairandalive.org\/wp-content\/uploads\/2019\/07\/VG_13-806x430.png 806w, https:\/\/freefairandalive.org\/wp-content\/uploads\/2019\/07\/VG_13-558x298.png 558w, https:\/\/freefairandalive.org\/wp-content\/uploads\/2019\/07\/VG_13-655x349.png 655w\" sizes=\"(max-width: 1500px) 100vw, 1500px\" \/><\/p>\n<p>Las din\u00e1micas convergentes se expresan mediante configuraciones en espiral.<\/p>\n<p style=\"text-align: center;\"><img decoding=\"async\" class=\"alignnone size-full wp-image-499\" src=\"http:\/\/www.freefairandalive.org\/wp-content\/uploads\/2019\/07\/VG_16.png\" alt=\"Visual Grammar \u2014 Relational Dynamics\" width=\"1500\" height=\"566\" srcset=\"https:\/\/freefairandalive.org\/wp-content\/uploads\/2019\/07\/VG_16.png 1500w, https:\/\/freefairandalive.org\/wp-content\/uploads\/2019\/07\/VG_16-300x113.png 300w, https:\/\/freefairandalive.org\/wp-content\/uploads\/2019\/07\/VG_16-768x290.png 768w, https:\/\/freefairandalive.org\/wp-content\/uploads\/2019\/07\/VG_16-1116x421.png 1116w, https:\/\/freefairandalive.org\/wp-content\/uploads\/2019\/07\/VG_16-806x304.png 806w, https:\/\/freefairandalive.org\/wp-content\/uploads\/2019\/07\/VG_16-558x211.png 558w, https:\/\/freefairandalive.org\/wp-content\/uploads\/2019\/07\/VG_16-655x247.png 655w\" sizes=\"(max-width: 1500px) 100vw, 1500px\" \/><\/p>\n<p>Las din\u00e1micas de an\u00e1lisis o reflexi\u00f3n se expresan mediante configuraciones circulares o de c\u00edrculos conc\u00e9ntricos.<\/p>\n<p style=\"text-align: center;\"><img decoding=\"async\" class=\"alignnone size-full wp-image-501\" src=\"http:\/\/www.freefairandalive.org\/wp-content\/uploads\/2019\/07\/VG_14.png\" alt=\"Visual Grammar \u2014 Relational Dynamics\" width=\"1500\" height=\"800\" srcset=\"https:\/\/freefairandalive.org\/wp-content\/uploads\/2019\/07\/VG_14.png 1500w, https:\/\/freefairandalive.org\/wp-content\/uploads\/2019\/07\/VG_14-300x160.png 300w, https:\/\/freefairandalive.org\/wp-content\/uploads\/2019\/07\/VG_14-768x410.png 768w, https:\/\/freefairandalive.org\/wp-content\/uploads\/2019\/07\/VG_14-1116x595.png 1116w, https:\/\/freefairandalive.org\/wp-content\/uploads\/2019\/07\/VG_14-806x430.png 806w, https:\/\/freefairandalive.org\/wp-content\/uploads\/2019\/07\/VG_14-558x298.png 558w, https:\/\/freefairandalive.org\/wp-content\/uploads\/2019\/07\/VG_14-655x349.png 655w\" sizes=\"(max-width: 1500px) 100vw, 1500px\" \/><\/p>\n<p>Las din\u00e1micas de creaci\u00f3n conjunta y producci\u00f3n\/Sustento Integral se representa con configuraciones trenzadas.<\/p>\n<p style=\"text-align: center;\"><img decoding=\"async\" class=\"alignnone size-full wp-image-498\" src=\"http:\/\/www.freefairandalive.org\/wp-content\/uploads\/2019\/07\/VG_17.png\" alt=\"Visual Grammar \u2014 Relational Dynamics\" width=\"1500\" height=\"570\" srcset=\"https:\/\/freefairandalive.org\/wp-content\/uploads\/2019\/07\/VG_17.png 1500w, https:\/\/freefairandalive.org\/wp-content\/uploads\/2019\/07\/VG_17-300x114.png 300w, https:\/\/freefairandalive.org\/wp-content\/uploads\/2019\/07\/VG_17-768x292.png 768w, https:\/\/freefairandalive.org\/wp-content\/uploads\/2019\/07\/VG_17-1116x424.png 1116w, https:\/\/freefairandalive.org\/wp-content\/uploads\/2019\/07\/VG_17-806x306.png 806w, https:\/\/freefairandalive.org\/wp-content\/uploads\/2019\/07\/VG_17-558x212.png 558w, https:\/\/freefairandalive.org\/wp-content\/uploads\/2019\/07\/VG_17-655x249.png 655w\" sizes=\"(max-width: 1500px) 100vw, 1500px\" \/><\/p>\n<p>Las din\u00e1micas de compartir y repartir se expresan mediante configuraciones en ola.<\/p>\n<p><img decoding=\"async\" class=\"alignnone size-full wp-image-500\" src=\"http:\/\/www.freefairandalive.org\/wp-content\/uploads\/2019\/07\/VG_15.png\" alt=\"Visual Grammar \u2014 Relational Dynamics\" width=\"1500\" height=\"800\" srcset=\"https:\/\/freefairandalive.org\/wp-content\/uploads\/2019\/07\/VG_15.png 1500w, https:\/\/freefairandalive.org\/wp-content\/uploads\/2019\/07\/VG_15-300x160.png 300w, https:\/\/freefairandalive.org\/wp-content\/uploads\/2019\/07\/VG_15-768x410.png 768w, https:\/\/freefairandalive.org\/wp-content\/uploads\/2019\/07\/VG_15-1116x595.png 1116w, https:\/\/freefairandalive.org\/wp-content\/uploads\/2019\/07\/VG_15-806x430.png 806w, https:\/\/freefairandalive.org\/wp-content\/uploads\/2019\/07\/VG_15-558x298.png 558w, https:\/\/freefairandalive.org\/wp-content\/uploads\/2019\/07\/VG_15-655x349.png 655w\" sizes=\"(max-width: 1500px) 100vw, 1500px\" \/><\/p>\n<p>Las din\u00e1micas relacionadas con el amor o cari\u00f1o (la confianza, los cuidados, etc.) se expresan mediante configuraciones c\u00f3ncavas, que recuerdan a un nido o al cuidado materno.<\/p>\n<p>&nbsp;<\/p>\n<hr \/>\n<p><em><a href=\"http:\/\/www.valentintada.net\/es\/obra-grafica-cs\/\">Merc\u00e8 M. Tarr\u00e9s<\/a>, a partir de una propuesta gr\u00e1fica inicial sugerida por Frederica Di Pietri y Chiara Rovescala<br \/>\n<\/em><em>Barcelona, Espa\u00f1a, <\/em><em>Enero de 2019<br \/>\n<\/em><em>N.B. Todas las im\u00e1genes \u00a9 Merc\u00e8 M. Tarr\u00e9s, 2019, producidas bajo una Licencia de Producci\u00f3n de Pares (https:\/\/wiki.p2pfoundation.net\/Peer_Production_ License).<\/em>[\/vc_column_text][\/vc_column_inner][vc_column_inner width=\u00bb1\/6&#8243;][\/vc_column_inner][\/vc_row_inner][\/vc_column][\/vc_row][vc_row full_width=\u00bbstretch_row\u00bb css=\u00bb.vc_custom_1563875998376{background-color: #ffffff !important;}\u00bb][vc_column width=\u00bb1\/6&#8243;][\/vc_column][vc_column width=\u00bb4\/6&#8243;][vc_media_grid style=\u00bbpagination\u00bb items_per_page=\u00bb12&#8243; element_width=\u00bb2&#8243; gap=\u00bb0&#8243; arrows_design=\u00bbvc_arrow-icon-arrow_01_left\u00bb arrows_position=\u00bboutside\u00bb arrows_color=\u00bbblack\u00bb paging_design=\u00bbpoint_dots\u00bb paging_color=\u00bbblack\u00bb loop=\u00bbyes\u00bb item=\u00bbmasonryMedia_SlideWithTitleAndCaption\u00bb grid_id=\u00bbvc_gid:1593525418966-e6077b70-0d0f-6&#8243; include=\u00bb2507,2506,2505,2504,2503,2502,2501,2500,2499,2498,2497,2496,2495,2494,2492,2488,2490,2481,2483,2485,2478,2480,2475,2471&#8243;][vc_btn title=\u00bbPATRONES E ILUSTRACIONES\u00bb style=\u00bbflat\u00bb shape=\u00bbround\u00bb color=\u00bbinverse\u00bb size=\u00bbsm\u00bb align=\u00bbright\u00bb i_align=\u00bbright\u00bb i_type=\u00bbmaterial\u00bb i_icon_material=\u00bbvc-material vc-material-arrow_forward\u00bb add_icon=\u00bbtrue\u00bb link=\u00bburl:https%3A%2F%2Fwww.freefairandalive.org%2Fes%2Fpatrones-e-ilustracions%2F|title:Patterns%20%26%20Illustrations||\u00bb][\/vc_column][vc_column width=\u00bb1\/6&#8243;][\/vc_column][\/vc_row]<\/p>\n<\/div>","protected":false},"excerpt":{"rendered":"<p>[vc_row full_width=\u00bbstretch_row\u00bb css=\u00bb.vc_custom_1564503595717{padding-top: 20px !important;padding-bottom: 70px !important;}\u00bb][vc_column][vc_text_separator title=\u00bbGram\u00e1tica visual para las ilustraciones de los patrones\u00bb title_align=\u00bbseparator_align_left\u00bb align=\u00bbalign_right\u00bb color=\u00bbblack\u00bb el_class=\u00bbpagetitle\u00bb][vc_row_inner][vc_column_inner width=\u00bb1\/6&#8243;][\/vc_column_inner][vc_column_inner el_class=\u00bbvisualgrammar\u00bb width=\u00bb2\/3&#8243; css=\u00bb.vc_custom_1563750812536{padding-top: 60px !important;padding-right: 60px !important;padding-bottom: 60px !important;padding-left: 60px !important;background-color: #ffffff !important;}\u00bb][vc_column_text]Esta gram\u00e1tica visual ha sido desarrollada por Merc\u00e8 M. Tarr\u00e9s (Guerrilla Media Collective), a partir de una propuesta gr\u00e1fica inicial sugerida por Frederica&hellip;<\/p>\n","protected":false},"author":4,"featured_media":0,"parent":0,"menu_order":0,"comment_status":"closed","ping_status":"closed","template":"","meta":{"footnotes":"","_links_to":"","_links_to_target":""},"class_list":["post-2707","page","type-page","status-publish","hentry"],"_links":{"self":[{"href":"https:\/\/freefairandalive.org\/es\/wp-json\/wp\/v2\/pages\/2707","targetHints":{"allow":["GET"]}}],"collection":[{"href":"https:\/\/freefairandalive.org\/es\/wp-json\/wp\/v2\/pages"}],"about":[{"href":"https:\/\/freefairandalive.org\/es\/wp-json\/wp\/v2\/types\/page"}],"author":[{"embeddable":true,"href":"https:\/\/freefairandalive.org\/es\/wp-json\/wp\/v2\/users\/4"}],"replies":[{"embeddable":true,"href":"https:\/\/freefairandalive.org\/es\/wp-json\/wp\/v2\/comments?post=2707"}],"version-history":[{"count":9,"href":"https:\/\/freefairandalive.org\/es\/wp-json\/wp\/v2\/pages\/2707\/revisions"}],"predecessor-version":[{"id":3008,"href":"https:\/\/freefairandalive.org\/es\/wp-json\/wp\/v2\/pages\/2707\/revisions\/3008"}],"wp:attachment":[{"href":"https:\/\/freefairandalive.org\/es\/wp-json\/wp\/v2\/media?parent=2707"}],"curies":[{"name":"wp","href":"https:\/\/api.w.org\/{rel}","templated":true}]}}