{"id":2704,"date":"2019-06-26T22:09:37","date_gmt":"2019-06-26T22:09:37","guid":{"rendered":"https:\/\/www.freefairandalive.org\/?page_id=2704"},"modified":"2020-06-30T12:09:34","modified_gmt":"2020-06-30T12:09:34","slug":"patrones-e-ilustracions","status":"publish","type":"page","link":"https:\/\/freefairandalive.org\/es\/patrones-e-ilustracions\/","title":{"rendered":"Patrones e Ilustraciones"},"content":{"rendered":"<div class=\"wpb-content-wrapper\"><p>[vc_row full_width=\u00bbstretch_row\u00bb css=\u00bb.vc_custom_1564503578340{padding-top: 20px !important;}\u00bb][vc_column el_class=\u00bbartdesigns\u00bb][vc_text_separator title=\u00bbPatrones e ilustraciones\u00bb title_align=\u00bbseparator_align_left\u00bb align=\u00bbalign_right\u00bb color=\u00bbblack\u00bb el_class=\u00bbpagetitle\u00bb][vc_column_text el_class=\u00bbpagedescription\u00bb]Los siguientes patrones han sido desarrollados por Merc\u00e8 M. Tarr\u00e9s para ilustrar los conceptos recogidos en <strong>Libres, dignos, vivos<\/strong>. Visita la p\u00e1gina de <a href=\"https:\/\/www.freefairandalive.org\/es\/gramatica-visual\/\">Gram\u00e1tica Visual<\/a> para saber m\u00e1s.[\/vc_column_text][vc_separator color=\u00bbblack\u00bb][vc_tta_tour shape=\u00bbsquare\u00bb spacing=\u00bb30&#8243; gap=\u00bb30&#8243; controls_size=\u00bbsm\u00bb active_section=\u00bb1&#8243; el_class=\u00bbreadit\u00bb][vc_tta_section title=\u00bbPatrones \u2014 Blanco y Negro\u00bb tab_id=\u00bbPatternsBN\u00bb][vc_custom_heading text=\u00bbPatrones \u2014 Blanco y Negro\u00bb use_theme_fonts=\u00bbyes\u00bb][vc_media_grid element_width=\u00bb3&#8243; gap=\u00bb25&#8243; item=\u00bbmasonryMedia_SlideWithTitleAndCaption\u00bb grid_id=\u00bbvc_gid:1593435887423-b93386df-4d2a-1&#8243; include=\u00bb2556,2555,2554,2553,2552,2551,2550,2549,2548,2547,2546,2545,2544,2543,2542,2541,2540,2539,2538,2537,2536,2535,2534,2533,2532,2531,2530,2529&#8243;][\/vc_tta_section][vc_tta_section title=\u00bbPatrones \u2014 Color\u00bb tab_id=\u00bbPatternscolour\u00bb][vc_custom_heading text=\u00bbPatrones \u2014 Color\u00bb use_theme_fonts=\u00bbyes\u00bb][vc_media_grid element_width=\u00bb3&#8243; gap=\u00bb25&#8243; item=\u00bbmasonryMedia_SlideWithTitleAndCaption\u00bb grid_id=\u00bbvc_gid:1593435887424-4f20249d-ee5a-2&#8243; include=\u00bb2506,2507,2504,2505,2502,2503,2501,2500,2496,2497,2495,2494,2492,2490,2488,2559,2499,2498,2483,2480,2481,2478,2477,2475,2473,2471,2486,2485&#8243;][\/vc_tta_section][vc_tta_section title=\u00bbIlustraciones \u2014 Blanco y Negro\u00bb tab_id=\u00bbIllustrationsBN\u00bb][vc_custom_heading text=\u00bbIlustraciones \u2014 Blanco y Negro\u00bb use_theme_fonts=\u00bbyes\u00bb el_class=\u00bbpagetitle\u00bb][vc_media_grid gap=\u00bb25&#8243; item=\u00bbmasonryMedia_SlideWithTitleAndCaption\u00bb grid_id=\u00bbvc_gid:1593435887425-23f3820a-e423-6&#8243; include=\u00bb2526,2527,2524,2525,2522,2523,2520,2516,2521,2519,2517,2518,2515,2513,2514,2511,2512,2509,2510,2528,2508&#8243;][\/vc_tta_section][vc_tta_section title=\u00bbIlustraciones \u2014 Color\u00bb tab_id=\u00bbIllustrationscolour\u00bb][vc_custom_heading text=\u00bbIlustraciones \u2014 Color\u00bb use_theme_fonts=\u00bbyes\u00bb el_class=\u00bbpagetitle\u00bb][vc_media_grid gap=\u00bb25&#8243; item=\u00bbmasonryMedia_SlideWithTitleAndCaption\u00bb grid_id=\u00bbvc_gid:1593435887426-7f7dd62d-5921-10&#8243; include=\u00bb2489,2491,2487,2482,2484,2479,2474,2470,2583,2472,2469,2466,2467,2468,2464,2465,2462,2463,2460,2493,2461&#8243;][\/vc_tta_section][\/vc_tta_tour][\/vc_column][\/vc_row][vc_row full_width=\u00bbstretch_row\u00bb gap=\u00bb35&#8243; css=\u00bb.vc_custom_1562029953848{margin-top: 80px !important;padding-top: 30px !important;padding-bottom: 100px !important;background-color: #ffffff !important;background-position: center !important;background-repeat: no-repeat !important;background-size: contain !important;}\u00bb][vc_column width=\u00bb1\/6&#8243; css=\u00bb.vc_custom_1562509637216{padding-top: 0px !important;}\u00bb offset=\u00bbvc_hidden-sm vc_hidden-xs\u00bb][\/vc_column][vc_column width=\u00bb1\/6&#8243; css=\u00bb.vc_custom_1562509631833{padding-bottom: 50px !important;}\u00bb offset=\u00bbvc_hidden-sm vc_hidden-xs\u00bb][\/vc_column][vc_column width=\u00bb1\/6&#8243; offset=\u00bbvc_col-md-2 vc_col-xs-6&#8243;][vc_single_image image=\u00bb2988&#8243; img_size=\u00bb\u00bb alignment=\u00bbcenter\u00bb onclick=\u00bbcustom_link\u00bb link=\u00bbhttps:\/\/www.freefairandalive.org\/es\/patrones-e-ilustracions\/\u00bb el_class=\u00bbvisualgrammarbutton\u00bb][\/vc_column][vc_column width=\u00bb1\/6&#8243; offset=\u00bbvc_col-md-2 vc_col-xs-6&#8243;][vc_single_image image=\u00bb2972&#8243; img_size=\u00bb\u00bb alignment=\u00bbcenter\u00bb onclick=\u00bbcustom_link\u00bb link=\u00bbhttps:\/\/www.freefairandalive.org\/es\/leelo\/\u00bb][\/vc_column][vc_column width=\u00bb1\/6&#8243; offset=\u00bbvc_hidden-sm vc_hidden-xs\u00bb][\/vc_column][vc_column width=\u00bb1\/6&#8243; offset=\u00bbvc_hidden-sm vc_hidden-xs\u00bb][\/vc_column][\/vc_row]<\/p>\n<\/div>","protected":false},"excerpt":{"rendered":"<p>[vc_row full_width=\u00bbstretch_row\u00bb css=\u00bb.vc_custom_1564503578340{padding-top: 20px !important;}\u00bb][vc_column el_class=\u00bbartdesigns\u00bb][vc_text_separator title=\u00bbPatrones e ilustraciones\u00bb title_align=\u00bbseparator_align_left\u00bb align=\u00bbalign_right\u00bb color=\u00bbblack\u00bb el_class=\u00bbpagetitle\u00bb][vc_column_text el_class=\u00bbpagedescription\u00bb]Los siguientes patrones han sido desarrollados por Merc\u00e8 M. Tarr\u00e9s para ilustrar los conceptos recogidos en Libres, dignos, vivos. Visita la p\u00e1gina de Gram\u00e1tica Visual para saber m\u00e1s.[\/vc_column_text][vc_separator color=\u00bbblack\u00bb][vc_tta_tour shape=\u00bbsquare\u00bb spacing=\u00bb30&#8243; gap=\u00bb30&#8243; controls_size=\u00bbsm\u00bb active_section=\u00bb1&#8243; el_class=\u00bbreadit\u00bb][vc_tta_section title=\u00bbPatrones \u2014 Blanco y Negro\u00bb tab_id=\u00bbPatternsBN\u00bb][vc_custom_heading text=\u00bbPatrones&hellip;<\/p>\n","protected":false},"author":4,"featured_media":0,"parent":0,"menu_order":0,"comment_status":"closed","ping_status":"closed","template":"","meta":{"footnotes":"","_links_to":"","_links_to_target":""},"class_list":["post-2704","page","type-page","status-publish","hentry"],"_links":{"self":[{"href":"https:\/\/freefairandalive.org\/es\/wp-json\/wp\/v2\/pages\/2704","targetHints":{"allow":["GET"]}}],"collection":[{"href":"https:\/\/freefairandalive.org\/es\/wp-json\/wp\/v2\/pages"}],"about":[{"href":"https:\/\/freefairandalive.org\/es\/wp-json\/wp\/v2\/types\/page"}],"author":[{"embeddable":true,"href":"https:\/\/freefairandalive.org\/es\/wp-json\/wp\/v2\/users\/4"}],"replies":[{"embeddable":true,"href":"https:\/\/freefairandalive.org\/es\/wp-json\/wp\/v2\/comments?post=2704"}],"version-history":[{"count":8,"href":"https:\/\/freefairandalive.org\/es\/wp-json\/wp\/v2\/pages\/2704\/revisions"}],"predecessor-version":[{"id":3007,"href":"https:\/\/freefairandalive.org\/es\/wp-json\/wp\/v2\/pages\/2704\/revisions\/3007"}],"wp:attachment":[{"href":"https:\/\/freefairandalive.org\/es\/wp-json\/wp\/v2\/media?parent=2704"}],"curies":[{"name":"wp","href":"https:\/\/api.w.org\/{rel}","templated":true}]}}