{"id":2703,"date":"2019-08-03T16:03:25","date_gmt":"2019-08-03T16:03:25","guid":{"rendered":"https:\/\/www.freefairandalive.org\/?page_id=2703"},"modified":"2020-06-29T13:20:36","modified_gmt":"2020-06-29T13:20:36","slug":"mas-recursos","status":"publish","type":"page","link":"https:\/\/freefairandalive.org\/es\/mas-recursos\/","title":{"rendered":"M\u00e1s recursos"},"content":{"rendered":"<div class=\"wpb-content-wrapper\"><p>[vc_row full_width=\u00bbstretch_row\u00bb css=\u00bb.vc_custom_1563876942763{padding-top: 35px !important;padding-bottom: 20px !important;}\u00bb][vc_column][vc_text_separator title=\u00bbM\u00e1s recursos\u00bb title_align=\u00bbseparator_align_left\u00bb align=\u00bbalign_right\u00bb color=\u00bbblack\u00bb el_class=\u00bbpagetitle\u00bb][\/vc_column][\/vc_row][vc_row full_width=\u00bbstretch_row\u00bb gap=\u00bb35&#8243; el_class=\u00bbfurtherlinks\u00bb][vc_column offset=\u00bbvc_col-xs-4&#8243;][vc_row_inner equal_height=\u00bbyes\u00bb content_placement=\u00bbmiddle\u00bb][vc_column_inner width=\u00bb1\/6&#8243;][\/vc_column_inner][vc_column_inner width=\u00bb1\/6&#8243;][vc_single_image image=\u00bb2392&#8243; img_size=\u00bbfull\u00bb alignment=\u00bbcenter\u00bb style=\u00bbvc_box_circle_2&#8243; onclick=\u00bbcustom_link\u00bb img_link_target=\u00bb_blank\u00bb link=\u00bbhttps:\/\/commons.blog\/\u00bb][\/vc_column_inner][vc_column_inner width=\u00bb3\/6&#8243;][vc_custom_heading text=\u00bbBlog de la autora Silke Helfrich\u00bb font_container=\u00bbtag:h3|text_align:left\u00bb use_theme_fonts=\u00bbyes\u00bb link=\u00bburl:https%3A%2F%2Fcommons.blog%2F||target:%20_blank|\u00bb][\/vc_column_inner][vc_column_inner width=\u00bb1\/6&#8243;][\/vc_column_inner][\/vc_row_inner][vc_separator color=\u00bbcustom\u00bb accent_color=\u00bb#bababa\u00bb css=\u00bb.vc_custom_1565300558660{padding-right: 10% !important;padding-left: 10% !important;}\u00bb][vc_row_inner equal_height=\u00bbyes\u00bb content_placement=\u00bbmiddle\u00bb][vc_column_inner width=\u00bb1\/6&#8243;][\/vc_column_inner][vc_column_inner width=\u00bb1\/6&#8243;][vc_single_image image=\u00bb2391&#8243; img_size=\u00bbfull\u00bb alignment=\u00bbcenter\u00bb style=\u00bbvc_box_circle_2&#8243; onclick=\u00bbcustom_link\u00bb img_link_target=\u00bb_blank\u00bb link=\u00bbhttp:\/\/www.bollier.org\u00bb][\/vc_column_inner][vc_column_inner width=\u00bb3\/6&#8243;][vc_custom_heading text=\u00bbBlog del autor David Bollier\u00bb font_container=\u00bbtag:h3|text_align:left\u00bb use_theme_fonts=\u00bbyes\u00bb link=\u00bburl:http%3A%2F%2Fwww.bollier.org%2F||target:%20_blank|\u00bb][\/vc_column_inner][vc_column_inner width=\u00bb1\/6&#8243;][\/vc_column_inner][\/vc_row_inner][vc_separator color=\u00bbcustom\u00bb accent_color=\u00bb#bababa\u00bb css=\u00bb.vc_custom_1565300558660{padding-right: 10% !important;padding-left: 10% !important;}\u00bb][vc_row_inner equal_height=\u00bbyes\u00bb content_placement=\u00bbmiddle\u00bb][vc_column_inner width=\u00bb1\/6&#8243;][\/vc_column_inner][vc_column_inner width=\u00bb1\/6&#8243;][vc_single_image image=\u00bb2390&#8243; img_size=\u00bbfull\u00bb alignment=\u00bbcenter\u00bb onclick=\u00bbcustom_link\u00bb img_link_target=\u00bb_blank\u00bb link=\u00bbhttp:\/\/commonsstrategies.org\u00bb el_class=\u00bbvisualgrammarbutton\u00bb][\/vc_column_inner][vc_column_inner width=\u00bb3\/6&#8243;][vc_custom_heading text=\u00bbP\u00e1gina web de Commons Strategies Group\u00bb font_container=\u00bbtag:h3|text_align:left\u00bb use_theme_fonts=\u00bbyes\u00bb link=\u00bburl:http%3A%2F%2Fcommonsstrategies.org%2F||target:%20_blank|\u00bb][\/vc_column_inner][vc_column_inner width=\u00bb1\/6&#8243;][\/vc_column_inner][\/vc_row_inner][vc_separator color=\u00bbcustom\u00bb accent_color=\u00bb#bababa\u00bb css=\u00bb.vc_custom_1565300558660{padding-right: 10% !important;padding-left: 10% !important;}\u00bb][vc_row_inner equal_height=\u00bbyes\u00bb content_placement=\u00bbmiddle\u00bb][vc_column_inner width=\u00bb1\/6&#8243;][\/vc_column_inner][vc_column_inner width=\u00bb1\/6&#8243;][vc_single_image image=\u00bb2610&#8243; img_size=\u00bbfull\u00bb alignment=\u00bbcenter\u00bb onclick=\u00bbcustom_link\u00bb img_link_target=\u00bb_blank\u00bb link=\u00bbhttp:\/\/commonsstrategies.org\/publications-media\/\u00bb el_class=\u00bbvisualgrammarbutton\u00bb][\/vc_column_inner][vc_column_inner width=\u00bb3\/6&#8243;][vc_custom_heading text=\u00bbBibliograf\u00eda: m\u00e1s libros de los autores y otros (Ingl\u00e9s)\u00bb font_container=\u00bbtag:h3|text_align:left\u00bb use_theme_fonts=\u00bbyes\u00bb link=\u00bburl:http%3A%2F%2Fcommonsstrategies.org%2Fpublications-media%2F||target:%20_blank|\u00bb][\/vc_column_inner][vc_column_inner width=\u00bb1\/6&#8243;][\/vc_column_inner][\/vc_row_inner][vc_separator color=\u00bbcustom\u00bb accent_color=\u00bb#bababa\u00bb css=\u00bb.vc_custom_1565300558660{padding-right: 10% !important;padding-left: 10% !important;}\u00bb][vc_row_inner equal_height=\u00bbyes\u00bb content_placement=\u00bbmiddle\u00bb][vc_column_inner width=\u00bb1\/6&#8243;][\/vc_column_inner][vc_column_inner width=\u00bb1\/6&#8243;][vc_single_image image=\u00bb2758&#8243; img_size=\u00bbfull\u00bb alignment=\u00bbcenter\u00bb onclick=\u00bbcustom_link\u00bb img_link_target=\u00bb_blank\u00bb link=\u00bbhttps:\/\/primer.commonstransition.org\/\u00bb el_class=\u00bbvisualgrammarbutton\u00bb][\/vc_column_inner][vc_column_inner width=\u00bb3\/6&#8243;][vc_custom_heading text=\u00bbSuscr\u00edbete a &#8216;La Comunal: la newsletter de los comunes&#8217; para saber m\u00e1s acerca del procom\u00fan\u00bb font_container=\u00bbtag:h3|text_align:left\u00bb use_theme_fonts=\u00bbyes\u00bb link=\u00bburl:https%3A%2F%2Fwww.freefairandalive.org%2Fes%2Fla-comunal-la-newsletter-de-los-comunes%2F||target:%20_blank|\u00bb][\/vc_column_inner][vc_column_inner width=\u00bb1\/6&#8243;][\/vc_column_inner][\/vc_row_inner][\/vc_column][\/vc_row][vc_row full_width=\u00bbstretch_row\u00bb css=\u00bb.vc_custom_1565300097011{padding-top: 35px !important;padding-bottom: 20px !important;background-color: #ffffff !important;}\u00bb][vc_column][vc_text_separator title=\u00bbAprende sobre la gram\u00e1tica visual de &#8216;Libres, dignos, vivos'\u00bb title_align=\u00bbseparator_align_left\u00bb align=\u00bbalign_right\u00bb color=\u00bbblack\u00bb el_class=\u00bbpagetitle\u00bb][\/vc_column][\/vc_row][vc_row full_width=\u00bbstretch_row\u00bb equal_height=\u00bbyes\u00bb css=\u00bb.vc_custom_1565300238102{margin-right: 0px !important;margin-left: 0px !important;padding-bottom: 50px !important;background-color: #ffffff !important;}\u00bb el_class=\u00bbartdesign\u00bb el_id=\u00bbcaracola\u00bb][vc_column width=\u00bb1\/3&#8243; el_class=\u00bbillustrationspatterns\u00bb css=\u00bb.vc_custom_1565300313202{margin-bottom: 0px !important;background-color: #9353a3 !important;}\u00bb offset=\u00bbvc_hidden-sm vc_hidden-xs\u00bb][vc_single_image image=\u00bb2993&#8243; img_size=\u00bbfull\u00bb alignment=\u00bbcenter\u00bb onclick=\u00bbcustom_link\u00bb css_animation=\u00bbfadeIn\u00bb link=\u00bbhttps:\/\/www.freefairandalive.org\/es\/gramatica-visual\/\u00bb css=\u00bb.vc_custom_1593436824669{margin-bottom: 0px !important;padding-right: 15% !important;padding-left: 15% !important;}\u00bb el_class=\u00bbvisualgrammarbutton\u00bb][vc_btn title=\u00bb\u00bb style=\u00bbflat\u00bb shape=\u00bbround\u00bb color=\u00bbwhite\u00bb size=\u00bblg\u00bb align=\u00bbcenter\u00bb i_align=\u00bbright\u00bb i_type=\u00bbmaterial\u00bb i_icon_material=\u00bbvc-material vc-material-arrow_forward\u00bb add_icon=\u00bbtrue\u00bb link=\u00bburl:https%3A%2F%2Fwww.freefairandalive.org%2Fes%2Fgramatica-visual%2F|||\u00bb][\/vc_column][vc_column width=\u00bb2\/3&#8243; css=\u00bb.vc_custom_1563875821335{padding-right: 100px !important;padding-left: 100px !important;}\u00bb offset=\u00bbvc_hidden-sm vc_hidden-xs\u00bb el_class=\u00bbcaracola\u00bb][vc_media_grid style=\u00bbpagination\u00bb items_per_page=\u00bb12&#8243; element_width=\u00bb3&#8243; gap=\u00bb0&#8243; arrows_design=\u00bbvc_arrow-icon-arrow_08_left\u00bb arrows_position=\u00bboutside\u00bb arrows_color=\u00bbblack\u00bb paging_design=\u00bbnone\u00bb loop=\u00bbyes\u00bb item=\u00bbmasonryMedia_SlideWithTitleAndCaption\u00bb grid_id=\u00bbvc_gid:1593436769311-6e0b2492-642e-9&#8243; include=\u00bb2507,2506,2505,2504,2503,2502,2501,2500,2499,2498,2497,2496,2495,2494,2492,2483,2477,2485,2488,2490,2481,2480,2475,2471&#8243;][vc_btn title=\u00bbPATRONES E ILUSTRACIONES\u00bb style=\u00bbflat\u00bb shape=\u00bbround\u00bb color=\u00bbblack\u00bb size=\u00bbsm\u00bb align=\u00bbright\u00bb i_align=\u00bbright\u00bb i_type=\u00bbmaterial\u00bb i_icon_material=\u00bbvc-material vc-material-arrow_forward\u00bb add_icon=\u00bbtrue\u00bb link=\u00bburl:https%3A%2F%2Fwww.freefairandalive.org%2Fes%2Fpatrones-e-ilustracions%2F|||\u00bb][\/vc_column][\/vc_row][vc_row full_width=\u00bbstretch_row_content_no_spaces\u00bb equal_height=\u00bbyes\u00bb css=\u00bb.vc_custom_1564849967354{margin-right: 0px !important;margin-left: 0px !important;background-color: #ffffff !important;}\u00bb el_class=\u00bbartdesign\u00bb el_id=\u00bbcaracola\u00bb][vc_column width=\u00bb1\/3&#8243; el_class=\u00bbillustrationspatterns\u00bb css=\u00bb.vc_custom_1563965622404{background-color: #9353a3 !important;}\u00bb offset=\u00bbvc_hidden-lg vc_hidden-md\u00bb][vc_single_image image=\u00bb2419&#8243; img_size=\u00bbfull\u00bb alignment=\u00bbcenter\u00bb onclick=\u00bbcustom_link\u00bb css_animation=\u00bbfadeIn\u00bb link=\u00bbhttp:\/\/www.freefairandalive.org\/visual-grammar\/\u00bb el_class=\u00bbvisualgrammarbutton\u00bb][vc_btn title=\u00bb\u00bb style=\u00bbflat\u00bb shape=\u00bbround\u00bb color=\u00bbwhite\u00bb size=\u00bblg\u00bb align=\u00bbcenter\u00bb i_align=\u00bbright\u00bb i_type=\u00bbmaterial\u00bb i_icon_material=\u00bbvc-material vc-material-arrow_forward\u00bb add_icon=\u00bbtrue\u00bb link=\u00bburl:http%3A%2F%2Fwww.freefairandalive.org%2Fvisual-grammar%2F|||\u00bb][\/vc_column][vc_column width=\u00bb2\/3&#8243; offset=\u00bbvc_hidden-lg vc_hidden-md\u00bb][vc_btn title=\u00bbILLUSTRATIONS &amp; PATTERNS\u00bb style=\u00bbflat\u00bb shape=\u00bbround\u00bb color=\u00bbsuccess\u00bb size=\u00bbsm\u00bb align=\u00bbcenter\u00bb i_align=\u00bbright\u00bb i_type=\u00bbmaterial\u00bb i_icon_material=\u00bbvc-material vc-material-arrow_forward\u00bb add_icon=\u00bbtrue\u00bb link=\u00bburl:http%3A%2F%2Fwww.freefairandalive.org%2Fart-design%2F|title:Art%20%26%20Design||\u00bb][vc_images_carousel images=\u00bb2475,2481,2480,2478,2477,2471,2464,2488,2496,2495,2494,2493,2492,2491,2489,2490,2485,2483,2497,2507,2506,2505,2504,2503,2502,2501,138,2500,2499,2498&#8243; img_size=\u00bbfull\u00bb onclick=\u00bblink_no\u00bb speed=\u00bb3000&#8243; autoplay=\u00bbyes\u00bb hide_pagination_control=\u00bbyes\u00bb wrap=\u00bbyes\u00bb][\/vc_column][\/vc_row]<\/p>\n<\/div>","protected":false},"excerpt":{"rendered":"<p>[vc_row full_width=\u00bbstretch_row\u00bb css=\u00bb.vc_custom_1563876942763{padding-top: 35px !important;padding-bottom: 20px !important;}\u00bb][vc_column][vc_text_separator title=\u00bbM\u00e1s recursos\u00bb title_align=\u00bbseparator_align_left\u00bb align=\u00bbalign_right\u00bb color=\u00bbblack\u00bb el_class=\u00bbpagetitle\u00bb][\/vc_column][\/vc_row][vc_row full_width=\u00bbstretch_row\u00bb gap=\u00bb35&#8243; el_class=\u00bbfurtherlinks\u00bb][vc_column offset=\u00bbvc_col-xs-4&#8243;][vc_row_inner equal_height=\u00bbyes\u00bb content_placement=\u00bbmiddle\u00bb][vc_column_inner width=\u00bb1\/6&#8243;][\/vc_column_inner][vc_column_inner width=\u00bb1\/6&#8243;][vc_single_image image=\u00bb2392&#8243; img_size=\u00bbfull\u00bb alignment=\u00bbcenter\u00bb style=\u00bbvc_box_circle_2&#8243; onclick=\u00bbcustom_link\u00bb img_link_target=\u00bb_blank\u00bb link=\u00bbhttps:\/\/commons.blog\/\u00bb][\/vc_column_inner][vc_column_inner width=\u00bb3\/6&#8243;][vc_custom_heading text=\u00bbBlog de la autora Silke Helfrich\u00bb font_container=\u00bbtag:h3|text_align:left\u00bb use_theme_fonts=\u00bbyes\u00bb link=\u00bburl:https%3A%2F%2Fcommons.blog%2F||target:%20_blank|\u00bb][\/vc_column_inner][vc_column_inner width=\u00bb1\/6&#8243;][\/vc_column_inner][\/vc_row_inner][vc_separator color=\u00bbcustom\u00bb accent_color=\u00bb#bababa\u00bb css=\u00bb.vc_custom_1565300558660{padding-right: 10% !important;padding-left: 10% !important;}\u00bb][vc_row_inner equal_height=\u00bbyes\u00bb content_placement=\u00bbmiddle\u00bb][vc_column_inner width=\u00bb1\/6&#8243;][\/vc_column_inner][vc_column_inner width=\u00bb1\/6&#8243;][vc_single_image image=\u00bb2391&#8243; img_size=\u00bbfull\u00bb alignment=\u00bbcenter\u00bb style=\u00bbvc_box_circle_2&#8243; onclick=\u00bbcustom_link\u00bb&hellip;<\/p>\n","protected":false},"author":4,"featured_media":0,"parent":0,"menu_order":0,"comment_status":"closed","ping_status":"closed","template":"","meta":{"footnotes":"","_links_to":"","_links_to_target":""},"class_list":["post-2703","page","type-page","status-publish","hentry"],"_links":{"self":[{"href":"https:\/\/freefairandalive.org\/es\/wp-json\/wp\/v2\/pages\/2703","targetHints":{"allow":["GET"]}}],"collection":[{"href":"https:\/\/freefairandalive.org\/es\/wp-json\/wp\/v2\/pages"}],"about":[{"href":"https:\/\/freefairandalive.org\/es\/wp-json\/wp\/v2\/types\/page"}],"author":[{"embeddable":true,"href":"https:\/\/freefairandalive.org\/es\/wp-json\/wp\/v2\/users\/4"}],"replies":[{"embeddable":true,"href":"https:\/\/freefairandalive.org\/es\/wp-json\/wp\/v2\/comments?post=2703"}],"version-history":[{"count":8,"href":"https:\/\/freefairandalive.org\/es\/wp-json\/wp\/v2\/pages\/2703\/revisions"}],"predecessor-version":[{"id":2999,"href":"https:\/\/freefairandalive.org\/es\/wp-json\/wp\/v2\/pages\/2703\/revisions\/2999"}],"wp:attachment":[{"href":"https:\/\/freefairandalive.org\/es\/wp-json\/wp\/v2\/media?parent=2703"}],"curies":[{"name":"wp","href":"https:\/\/api.w.org\/{rel}","templated":true}]}}