{"id":2701,"date":"2019-06-26T22:08:02","date_gmt":"2019-06-26T22:08:02","guid":{"rendered":"https:\/\/www.freefairandalive.org\/?page_id=2701"},"modified":"2021-01-05T09:44:41","modified_gmt":"2021-01-05T09:44:41","slug":"compra-el-libro","status":"publish","type":"page","link":"https:\/\/freefairandalive.org\/es\/compra-el-libro\/","title":{"rendered":"Compra el libro"},"content":{"rendered":"<div class=\"wpb-content-wrapper\"><p>[vc_row css=\u00bb.vc_custom_1564503569208{padding-top: 20px !important;}\u00bb][vc_column][vc_text_separator title=\u00bbCompra el libro\u00bb title_align=\u00bbseparator_align_left\u00bb align=\u00bbalign_right\u00bb color=\u00bbblack\u00bb el_class=\u00bbpagetitle\u00bb][vc_column_text el_class=\u00bbpagedescription\u00bb]<strong>La edici\u00f3n en espa\u00f1ol de <em>Libres<\/em>,<i> dignos, vivos: el poder subversivo de los comunes <\/i>es fruto de la colaboraci\u00f3n entre los autores e <a href=\"https:\/\/www.icariaeditorial.com\/archivo\/\">Icaria Editorial<\/a>, <a href=\"https:\/\/www.guerrillatranslation.es\/\">Guerrilla Translation<\/a> y <a href=\"https:\/\/www.boell.de\/en\/startpage\">Heinrich B\u00f6ll Stiftung<\/a>. El libro <a href=\"https:\/\/www.freefairandalive.org\/es\/hay-algo-mas-necesario-que-el-procomun-explorando-los-claroscuros-de-la-pandemia\/\">se lanz\u00f3<\/a> el 28 de octubre del 2020 en Espa\u00f1a (Icaria Editorial), Per\u00fa (<a href=\"https:\/\/democraciaglobal.org\/publicaciones\/\">Editorial Democracia Global\/Tejiendo saberes<\/a>), Ecuador (<a href=\"https:\/\/abyayala.org\/Abyayala2018\/\" target=\"_blank\" rel=\"nofollow noopener noreferrer\">Editorial Abya-Yala)<\/a>, Argentina y Uruguay (<a href=\"https:\/\/econautaseditorial.com\/\" target=\"_blank\" rel=\"nofollow noopener noreferrer\">Econautas editorial<\/a>) y Colombia (<a href=\"https:\/\/libreriasiglo.com\/\" target=\"_blank\" rel=\"nofollow noopener noreferrer\">Siglo del Hombre<\/a>). La edici\u00f3n Mexicana de <em>Libres, Dignos, Vivos <\/em>se publicar\u00e1 en la primavera del 2021.<br \/>\n<\/strong><\/p>\n<p>&nbsp;<\/p>\n<p style=\"text-align: center;\"><img decoding=\"async\" class=\"alignnone wp-image-2955 \" src=\"https:\/\/www.freefairandalive.org\/wp-content\/uploads\/2020\/06\/FFA_book_sin.jpg\" alt=\"Libro &quot;Libres, dignos, Libres. El poder subversivo de los comunes&quot;\" width=\"426\" height=\"442\" srcset=\"https:\/\/freefairandalive.org\/wp-content\/uploads\/2020\/06\/FFA_book_sin.jpg 1302w, https:\/\/freefairandalive.org\/wp-content\/uploads\/2020\/06\/FFA_book_sin-289x300.jpg 289w, https:\/\/freefairandalive.org\/wp-content\/uploads\/2020\/06\/FFA_book_sin-768x797.jpg 768w, https:\/\/freefairandalive.org\/wp-content\/uploads\/2020\/06\/FFA_book_sin-1116x1158.jpg 1116w, https:\/\/freefairandalive.org\/wp-content\/uploads\/2020\/06\/FFA_book_sin-806x836.jpg 806w, https:\/\/freefairandalive.org\/wp-content\/uploads\/2020\/06\/FFA_book_sin-558x579.jpg 558w, https:\/\/freefairandalive.org\/wp-content\/uploads\/2020\/06\/FFA_book_sin-655x680.jpg 655w\" sizes=\"(max-width: 426px) 100vw, 426px\" \/><\/p>\n<p>[\/vc_column_text][\/vc_column][\/vc_row][vc_row gap=\u00bb30&#8243; equal_height=\u00bbyes\u00bb content_placement=\u00bbtop\u00bb css=\u00bb.vc_custom_1603444538561{padding-right: 10% !important;padding-left: 10% !important;}\u00bb el_class=\u00bblogoseditorial\u00bb][vc_column width=\u00bb1\/5&#8243;][vc_single_image image=\u00bb3306&#8243; img_size=\u00bbfull\u00bb onclick=\u00bbcustom_link\u00bb img_link_target=\u00bb_blank\u00bb css=\u00bb.vc_custom_1603879458912{border-left-width: 1px !important;padding-left: 10px !important;border-left-color: #828282 !important;border-left-style: solid !important;}\u00bb link=\u00bbhttps:\/\/icariaeditorial.com\/inicio\/4678-libres-dignos-vivos-el-poder-subversivo-de-los-comunes.html\u00bb][\/vc_column][vc_column width=\u00bb1\/5&#8243;][vc_single_image image=\u00bb3309&#8243; img_size=\u00bbfull\u00bb onclick=\u00bbcustom_link\u00bb img_link_target=\u00bb_blank\u00bb title=\u00bbPer\u00fa\u00bb link=\u00bbhttps:\/\/democraciaglobal.org\/publicaciones\/\u00bb][\/vc_column][vc_column width=\u00bb1\/5&#8243;][vc_single_image image=\u00bb3324&#8243; img_size=\u00bbfull\u00bb onclick=\u00bbcustom_link\u00bb img_link_target=\u00bb_blank\u00bb title=\u00bbColombia\u00bb link=\u00bbhttps:\/\/libreriasiglo.com\/80364-libres-dignos-vivos-el-poder-de-los-comunes.html\u00bb][\/vc_column][vc_column width=\u00bb1\/5&#8243;][vc_single_image image=\u00bb3299&#8243; img_size=\u00bbfull\u00bb onclick=\u00bbcustom_link\u00bb img_link_target=\u00bb_blank\u00bb title=\u00bbEcuador\u00bb link=\u00bbhttps:\/\/abyayala.org.ec\/producto\/libres-dignos-vivos-el-poder-subversivo-de-los-comunes\/\u00bb][\/vc_column][vc_column width=\u00bb1\/5&#8243;][vc_single_image image=\u00bb3302&#8243; img_size=\u00bbfull\u00bb onclick=\u00bbcustom_link\u00bb img_link_target=\u00bb_blank\u00bb title=\u00bbArgentina\u00bb css=\u00bb.vc_custom_1609838428986{border-right-width: 1px !important;border-right-color: #999999 !important;}\u00bb link=\u00bbhttps:\/\/econautaseditorial.com\/productos\/libres-dignos-vivos\/\u00bb][\/vc_column][\/vc_row][vc_row][vc_column][vc_separator color=\u00bbcustom\u00bb accent_color=\u00bb#999999&#8243;][vc_column_text]Consulta <a href=\"https:\/\/www.freefairandalive.org\/es\/leelo\/\">el \u00edndice<\/a> para empezar a leerlo, o suscr\u00edbete a <a href=\"https:\/\/www.freefairandalive.org\/es\/la-comunal-la-newsletter-de-los-comunes\/\">la Comunal, la newsletter de los comunes<\/a>, para recibir notificaciones cada vez que se publique un cap\u00edtulo nuevo en la web.<\/p>\n<p>\u2014<\/p>\n<p><span style=\"font-weight: 400;\">Recomendamos que compres ejemplares de<\/span><i><span style=\"font-weight: 400;\"> Libres, dignos, vivos<\/span><\/i><span style=\"font-weight: 400;\"> en librer\u00edas locales e independientes.<\/span>[\/vc_column_text][\/vc_column][\/vc_row]<\/p>\n<\/div>","protected":false},"excerpt":{"rendered":"<p>[vc_row css=\u00bb.vc_custom_1564503569208{padding-top: 20px !important;}\u00bb][vc_column][vc_text_separator title=\u00bbCompra el libro\u00bb title_align=\u00bbseparator_align_left\u00bb align=\u00bbalign_right\u00bb color=\u00bbblack\u00bb el_class=\u00bbpagetitle\u00bb][vc_column_text el_class=\u00bbpagedescription\u00bb]La edici\u00f3n en espa\u00f1ol de Libres, dignos, vivos: el poder subversivo de los comunes es fruto de la colaboraci\u00f3n entre los autores e Icaria Editorial, Guerrilla Translation y Heinrich B\u00f6ll Stiftung. El libro se lanz\u00f3 el 28 de octubre del 2020 en Espa\u00f1a (Icaria&hellip;<\/p>\n","protected":false},"author":4,"featured_media":0,"parent":0,"menu_order":0,"comment_status":"closed","ping_status":"closed","template":"","meta":{"footnotes":"","_links_to":"","_links_to_target":""},"class_list":["post-2701","page","type-page","status-publish","hentry"],"_links":{"self":[{"href":"https:\/\/freefairandalive.org\/es\/wp-json\/wp\/v2\/pages\/2701","targetHints":{"allow":["GET"]}}],"collection":[{"href":"https:\/\/freefairandalive.org\/es\/wp-json\/wp\/v2\/pages"}],"about":[{"href":"https:\/\/freefairandalive.org\/es\/wp-json\/wp\/v2\/types\/page"}],"author":[{"embeddable":true,"href":"https:\/\/freefairandalive.org\/es\/wp-json\/wp\/v2\/users\/4"}],"replies":[{"embeddable":true,"href":"https:\/\/freefairandalive.org\/es\/wp-json\/wp\/v2\/comments?post=2701"}],"version-history":[{"count":34,"href":"https:\/\/freefairandalive.org\/es\/wp-json\/wp\/v2\/pages\/2701\/revisions"}],"predecessor-version":[{"id":3413,"href":"https:\/\/freefairandalive.org\/es\/wp-json\/wp\/v2\/pages\/2701\/revisions\/3413"}],"wp:attachment":[{"href":"https:\/\/freefairandalive.org\/es\/wp-json\/wp\/v2\/media?parent=2701"}],"curies":[{"name":"wp","href":"https:\/\/api.w.org\/{rel}","templated":true}]}}