{"id":2441,"date":"2019-06-26T22:07:47","date_gmt":"2019-06-26T22:07:47","guid":{"rendered":"https:\/\/www.freefairandalive.org\/?page_id=2441"},"modified":"2020-10-28T03:52:00","modified_gmt":"2020-10-28T03:52:00","slug":"sobre","status":"publish","type":"page","link":"https:\/\/freefairandalive.org\/es\/sobre\/","title":{"rendered":"Acerca de"},"content":{"rendered":"<div class=\"wpb-content-wrapper\"><p>[vc_row full_width=\u00bbstretch_row\u00bb][vc_column width=\u00bb1\/4&#8243;][\/vc_column][vc_column width=\u00bb1\/2&#8243;][vc_single_image image=\u00bb2955&#8243; img_size=\u00bbfull\u00bb alignment=\u00bbcenter\u00bb onclick=\u00bbcustom_link\u00bb css_animation=\u00bbfadeIn\u00bb link=\u00bbhttps:\/\/www.freefairandalive.org\/es\/leelo\/\u00bb][\/vc_column][vc_column width=\u00bb1\/4&#8243;][\/vc_column][\/vc_row][vc_row full_width=\u00bbstretch_row\u00bb css=\u00bb.vc_custom_1562514920439{padding-bottom: 30px !important;}\u00bb][vc_column][vc_text_separator title=\u00bbAcerca de &#8216;Libres, dignos, vivos'\u00bb title_align=\u00bbseparator_align_left\u00bb align=\u00bbalign_right\u00bb color=\u00bbblack\u00bb el_class=\u00bbpagetitle\u00bb][vc_row_inner][vc_column_inner width=\u00bb1\/6&#8243;][\/vc_column_inner][vc_column_inner width=\u00bb2\/3&#8243;][vc_column_text]<\/p>\n<h6><strong><em>Libres, dignos, vivos: el poder subversivo de los comunes<\/em> es un replanteamiento fundacional de los comunes, los sistemas sociales autogestionados que los seres humanos han usado para satisfacer sus necesidades durante miles de a\u00f1os. Desde la pesca a los bosques, pasando por las monedas alternativas y hasta la aplicaci\u00f3n del c\u00f3digo abierto en todos los contextos, las personas cada vez utilizan m\u00e1s la \u201ccreaci\u00f3n de procom\u00fan\u201d para emanciparse de un sistema Mercado\/Estado depredador y tomar las riendas de sus vidas.<\/strong><\/h6>\n<p>Ambicioso, sofisticado y basado con firmeza en las realidades del d\u00eda a d\u00eda, <em>Libres, dignos, vivos <\/em>presenta una visi\u00f3n apasionante de un futuro que realmente puede funcionar. Escrito por dos activistas de los comunes muy experimentados, este libro es a la vez una cr\u00edtica cultural penetrante, un tratado pol\u00edtico de peso y una gu\u00eda estrat\u00e9gica de pr\u00e1cticas para la construcci\u00f3n de un nuevo mundo de comunes. F\u00e1cil de leer y repleto de historias coloridas y m\u00faltiples ejemplos, este libro ayudar\u00e1 a que sus lectores reconozcan la creaci\u00f3n de procom\u00fan como una visi\u00f3n que nos puede ayudar a ir m\u00e1s all\u00e1 de los binarios binomios enga\u00f1osos y sin futuro: izquierda o derecha, individual o colectivo, Estado o Mercado, y Coca-Cola o Pepsi que casi han sometido al mundo por completo.<\/p>\n<p><em>Libres, dignos, vivos<\/em> tambi\u00e9n es un trabajo de imaginaci\u00f3n social y esperanza pol\u00edtica. A medida que la humanidad se adentra en un mundo nuevo y peligroso sumido en el colapso clim\u00e1tico, el pico del petr\u00f3leo y una gran inestabilidad pol\u00edtica, este libro se atreve a imaginar c\u00f3mo innumerables actos de creaci\u00f3n de procom\u00fan pueden construir una cultura y econom\u00eda pol\u00edtica nueva y subversiva. Este compendio se basa en los m\u00faltiples viajes de los autores por el mundo de la creaci\u00f3n del procom\u00fan, desde los boques comunales de la India a los comunes urbanos de Italia, pasando por las cooperativas de plataforma que est\u00e1n surgiendo en Internet hasta el servicio de cuidados a nivel local en los Pa\u00edses Bajos.<\/p>\n<p><em>Libres, dignos, vivos <\/em>ofrece un resumen fresco, completo y no acad\u00e9mico de los comunes contempor\u00e1neos escrito para un p\u00fablico general y con mentalidad activista. A diferencia de muchos libros anteriores en este campo, <em>Libres, dignos, vivos<\/em> no considera los comunes como \u201cactores racionales\u201d en esencia que gestionan recursos econ\u00f3micos, sino que contempla el procom\u00fan como un sistema social creativo y pujante, un sistema vivo con las tradiciones, valores cooperativos e ingenio cotidiano de las personas (que lo componen).<\/p>\n<p>Dado que muchos de los malentendidos sobre el procom\u00fan se encuentran integrados en el propio lenguaje, este libro aborda las premisas enga\u00f1osas de muchas palabras que nos resultan familiares (\u201cdesarrollo\u201d, \u201cliderazgo\u201d, \u201cescasez\u201d) y la necesidad de adoptar nuevos t\u00e9rminos que describan mejor las realidades de la creaci\u00f3n de procom\u00fan (\u201ccuidados\u201d, \u201cyo interdependiente\u201d, \u201cpluriverso\u201d). Gran parte del libro se centra en las din\u00e1micas internas de la creaci\u00f3n de procom\u00fan, la necesidad de adoptar un cambio en nuestra visi\u00f3n del mundo y el papel del lenguaje a la hora de reorientar nuestras percepciones y estrategias pol\u00edticas. Al explicar la creaci\u00f3n del procom\u00fan como un fen\u00f3meno relacional de los sistemas vivos (y no como un comportamiento trasaccional que gobierne a los objetos, tal y como sostiene la econom\u00eda convencional), <em>Libres, dignos, vivos <\/em>abre un nuevo debate sobre las din\u00e1micas internas y sociales de la creaci\u00f3n de procom\u00fan: comunizar, es decir, la toma de los comunes como un verbo, no como un sustantivo.[\/vc_column_text][\/vc_column_inner][vc_column_inner width=\u00bb1\/6&#8243;][\/vc_column_inner][\/vc_row_inner][\/vc_column][\/vc_row][vc_row full_width=\u00bbstretch_row\u00bb css=\u00bb.vc_custom_1564848322539{background-color: #f5f5f5 !important;}\u00bb el_id=\u00bbthe-authors\u00bb][vc_column][vc_text_separator title=\u00bbLos autores\u00bb title_align=\u00bbseparator_align_left\u00bb align=\u00bbalign_right\u00bb color=\u00bbblack\u00bb el_class=\u00bbpagetitle\u00bb el_id=\u00bblos-autores\u00bb][vc_row_inner gap=\u00bb30&#8243;][vc_column_inner width=\u00bb1\/2&#8243;][vc_column_text]<\/p>\n<p style=\"text-align: left;\"><strong><img decoding=\"async\" class=\"size-full wp-image-644 alignleft\" src=\"http:\/\/www.freefairandalive.org\/wp-content\/uploads\/2019\/07\/david.jpg\" alt=\"David Bollier, author of Free Fair and Alive book\" width=\"183\" height=\"267\" \/><\/strong><\/p>\n<p><strong>David Bollier<\/strong> es activista, acad\u00e9mico y bloguero. Su labor se centra sobre todo en el procom\u00fan como paradigma tan nuevo como antiguo para reinventar la econom\u00eda, la pol\u00edtica y la cultura. Desempe\u00f1a su actividad acad\u00e9mica y activista en el campo de los comunes como director del programa <a href=\"https:\/\/centerforneweconomics.org\/apply\/the-commons-program\/\">Reinventing the Commons<\/a> (\u201cReinventar los comunes\u201d) en el <a href=\"https:\/\/centerforneweconomics.org\/\">Schumacher Center for a New Economics<\/a>, adem\u00e1s de como cofundador del <a href=\"http:\/\/commonsstrategies.org\/\">Commons Strategies Group<\/a>, un proyecto internacional para la promoci\u00f3n de los comunes. Autor de <a href=\"http:\/\/pensardesdeloscomunes.org\/\">Pensar desde los comunes<\/a> (<em>Think Like a Commoner<\/em>), entre otros libros, escribe en su blog (<a href=\"http:\/\/www.bollier.org\/\">www.Bollier.org<\/a>) y reside en la ciudad estadounidense de Amherst, Massachusetts.[\/vc_column_text][\/vc_column_inner][vc_column_inner width=\u00bb1\/2&#8243;][vc_column_text]<\/p>\n<p style=\"text-align: left;\"><strong><img decoding=\"async\" class=\"size-full wp-image-645 alignleft\" src=\"http:\/\/www.freefairandalive.org\/wp-content\/uploads\/2019\/07\/silke.jpg\" alt=\"Silke Helfrich, author of Free Fair and Alive book\" width=\"183\" height=\"267\" \/><\/strong><\/p>\n<p><strong>Silke Helfrich<\/strong> es activista, autora, acad\u00e9mica y conferenciante independiente. Fue cofundadora del <a href=\"http:\/\/commonsstrategies.org\/\">Commons Strategies Group<\/a> y del <a href=\"https:\/\/commons-institut.org\/\">Commons-Institut<\/a>, as\u00ed como directora de la oficina regional de la <a href=\"https:\/\/www.boell.de\/en\">Fundaci\u00f3n Heinrich B\u00f6ll<\/a> en Am\u00e9rica central, Cuba y M\u00e9xico. Licenciada en lenguas romances, pedagog\u00eda y ciencias sociales, Helfrich es la editora y coautora de varias obras sobre los comunes, escribe en su blog (<a href=\"http:\/\/www.commons.blog\/\">www.commons.blog<\/a>) y vive en Neudenau, Alemania.[\/vc_column_text][\/vc_column_inner][\/vc_row_inner][\/vc_column][\/vc_row][vc_row full_width=\u00bbstretch_row\u00bb gap=\u00bb35&#8243; parallax=\u00bbcontent-moving\u00bb parallax_image=\u00bb399&#8243; css=\u00bb.vc_custom_1561848006381{padding-top: 0px !important;background-position: center;background-repeat: no-repeat !important;background-size: contain !important;}\u00bb][vc_column width=\u00bb1\/6&#8243; css=\u00bb.vc_custom_1562513525671{padding-top: 0px !important;}\u00bb offset=\u00bbvc_hidden-sm vc_hidden-xs\u00bb][\/vc_column][vc_column width=\u00bb1\/6&#8243; css=\u00bb.vc_custom_1562513532525{padding-bottom: 50px !important;}\u00bb offset=\u00bbvc_hidden-sm vc_hidden-xs\u00bb][\/vc_column][vc_column width=\u00bb1\/6&#8243; offset=\u00bbvc_col-md-2 vc_col-xs-6&#8243;][vc_single_image image=\u00bb2918&#8243; img_size=\u00bb\u00bb alignment=\u00bbcenter\u00bb onclick=\u00bbcustom_link\u00bb link=\u00bbhttp:\/\/www.freefairandalive.org\/read-it\/\u00bb][\/vc_column][vc_column width=\u00bb1\/6&#8243; offset=\u00bbvc_col-md-2 vc_col-xs-6&#8243;][vc_single_image image=\u00bb2921&#8243; img_size=\u00bb\u00bb alignment=\u00bbcenter\u00bb onclick=\u00bbcustom_link\u00bb link=\u00bbhttp:\/\/www.freefairandalive.org\/pre-order-the-book\/\u00bb][\/vc_column][vc_column width=\u00bb1\/6&#8243; offset=\u00bbvc_hidden-sm vc_hidden-xs\u00bb][\/vc_column][vc_column width=\u00bb1\/6&#8243; offset=\u00bbvc_hidden-sm vc_hidden-xs\u00bb][\/vc_column][\/vc_row][vc_row full_width=\u00bbstretch_row\u00bb css=\u00bb.vc_custom_1561849006469{padding-bottom: 60px !important;}\u00bb][vc_column][vc_text_separator title=\u00bb\u00cdndice\u00bb title_align=\u00bbseparator_align_left\u00bb align=\u00bbalign_right\u00bb color=\u00bbblack\u00bb el_class=\u00bbpagetitle\u00bb][vc_row_inner el_class=\u00bbindice\u00bb][vc_column_inner width=\u00bb1\/6&#8243;][\/vc_column_inner][vc_column_inner width=\u00bb2\/3&#8243; css=\u00bb.vc_custom_1561848401599{padding: 60px !important;background-color: #ffffff !important;}\u00bb][vc_column_text]<a href=\"http:\/\/www.freefairandalive.org\/read-it\/#introduction\"><strong>Introducci\u00f3n<\/strong><\/a><\/p>\n<hr \/>\n<p><a href=\"https:\/\/www.freefairandalive.org\/es\/leelo\/#part1\"><strong>Parte I: El procom\u00fan como enfoque transformador<\/strong><\/a><\/p>\n<p><a href=\"https:\/\/www.freefairandalive.org\/es\/leelo\/#1562325437372-ad0ab310-4c8b\">1. Los comunes y la creaci\u00f3n de procom\u00fan<\/a><br \/>\n2. <a href=\"https:\/\/www.freefairandalive.org\/es\/leelo\/#2\">El OntoGiro hacia el procom\u00fan<\/a><br \/>\n3. <a href=\"https:\/\/www.freefairandalive.org\/es\/leelo\/#3\">El lenguaje y la creaci\u00f3n de procom\u00fan <\/a><\/p>\n<hr \/>\n<p><span style=\"color: #999999;\"><strong>Parte II: La Triada del Procom\u00fan<\/strong><\/span><\/p>\n<p><span style=\"color: #999999;\">Introducci\u00f3n<\/span><br \/>\n<span style=\"color: #999999;\">4. La Vida Social de los comunes<\/span><br \/>\n<span style=\"color: #999999;\">5. Gobernanza P2P mediante la creaci\u00f3n de procom\u00fan<\/span><br \/>\n<span style=\"color: #999999;\">6. El Sustento Integral a trav\u00e9s de los comunes<\/span><\/p>\n<hr \/>\n<p><span style=\"color: #999999;\"><strong>Parte III: Ampliar el Comuniverso<\/strong><\/span><\/p>\n<p><span style=\"color: #999999;\">Introducci\u00f3n<\/span><br \/>\n<span style=\"color: #999999;\">7. Repensar la propiedad<\/span><br \/>\n<span style=\"color: #999999;\">8. Relacionalizar la propiedad<\/span><br \/>\n<span style=\"color: #999999;\">9. El poder del Estado y el procom\u00fan<\/span><br \/>\n<span style=\"color: #999999;\">10. Llevar el procom\u00fan a escala<\/span><\/p>\n<hr \/>\n<p><strong><a href=\"https:\/\/www.freefairandalive.org\/es\/leelo\/#background-materials\">Material adicional<\/a><\/strong><\/p>\n<p><a href=\"http:\/\/www.freefairandalive.org\/read-it\/#Acknowledgments\"><span style=\"color: #000000;\">Agradecimientos<\/span><\/a><br \/>\n<a href=\"https:\/\/www.freefairandalive.org\/es\/leelo\/#AppendixA\">Ap\u00e9ndice A: Notas sobre la metodolog\u00eda para identificar patrones del procom\u00fan <\/a><br \/>\n<a href=\"https:\/\/www.freefairandalive.org\/es\/leelo\/#AppendixB\">Ap\u00e9ndice B: Gram\u00e1tica visual para las ilustraciones de los patrones <\/a><br \/>\n<a href=\"https:\/\/www.freefairandalive.org\/es\/leelo\/#AppendixC\">Ap\u00e9ndice C: Comunes y herramientas para la creaci\u00f3n de procom\u00fan mencionadas en este libro <\/a><br \/>\n<a href=\"https:\/\/www.freefairandalive.org\/es\/leelo\/#AppendixD\">Ap\u00e9ndice D: Los ocho principios de dise\u00f1o para una gesti\u00f3n estable y eficaz de los comunes, de Elinor Ostrom <\/a><br \/>\n<a href=\"https:\/\/www.freefairandalive.org\/es\/leelo\/#Notes\"><span style=\"color: #000000;\">Notas<\/span><\/a><br \/>\n<span style=\"color: #000000;\"><a href=\"https:\/\/www.freefairandalive.org\/es\/leelo\/#Index\">\u00cd<\/a>ndice<\/span><br \/>\n<a href=\"http:\/\/www.freefairandalive.org\/read-it\/#AboutAuthors\"><span style=\"color: #000000;\">Acerca de los autores<\/span><\/a><br \/>\n<a href=\"http:\/\/www.freefairandalive.org\/read-it\/#NotePublisher\"><span style=\"color: #000000;\">Nota sobre la editorial<\/span><\/a>[\/vc_column_text][\/vc_column_inner][vc_column_inner width=\u00bb1\/6&#8243;][\/vc_column_inner][\/vc_row_inner][\/vc_column][\/vc_row][vc_row full_width=\u00bbstretch_row\u00bb gap=\u00bb30&#8243; css=\u00bb.vc_custom_1562513618546{background-color: #ffffff !important;}\u00bb el_class=\u00bbartdesign\u00bb][vc_column][vc_text_separator title=\u00bbIlustraciones y dise\u00f1o\u00bb title_align=\u00bbseparator_align_left\u00bb align=\u00bbalign_right\u00bb color=\u00bbblack\u00bb el_class=\u00bbpagetitle\u00bb][vc_row_inner][vc_column_inner width=\u00bb1\/4&#8243; offset=\u00bbvc_hidden-sm vc_hidden-xs\u00bb][vc_single_image image=\u00bb2988&#8243; img_size=\u00bbfull\u00bb alignment=\u00bbcenter\u00bb onclick=\u00bbcustom_link\u00bb link=\u00bbhttps:\/\/www.freefairandalive.org\/es\/gramatica-visual\/\u00bb el_class=\u00bbvisualgrammarbutton\u00bb][\/vc_column_inner][vc_column_inner width=\u00bb3\/4&#8243; offset=\u00bbvc_hidden-sm vc_hidden-xs\u00bb][vc_media_grid style=\u00bbpagination\u00bb items_per_page=\u00bb12&#8243; element_width=\u00bb2&#8243; arrows_design=\u00bbvc_arrow-icon-arrow_08_left\u00bb arrows_position=\u00bboutside\u00bb arrows_color=\u00bbblack\u00bb paging_design=\u00bbpoint_dots\u00bb paging_color=\u00bbblack\u00bb loop=\u00bbyes\u00bb item=\u00bbmediaGrid_SlideInTitle\u00bb grid_id=\u00bbvc_gid:1603856597240-e26e514e-f308-9&#8243; include=\u00bb2507,2506,2505,2504,2503,2502,2501,138,2500,2499,2498,2497,2496,2495,2494,2492,2489,2490,2488,2485,2483,2477,2478,2479,2480,2481,2475,2473,2471,2464&#8243;][vc_btn title=\u00bbVer todas las ilustraciones y dise\u00f1os\u00bb style=\u00bboutline\u00bb shape=\u00bbround\u00bb color=\u00bbblack\u00bb size=\u00bblg\u00bb align=\u00bbright\u00bb i_align=\u00bbright\u00bb i_type=\u00bbmaterial\u00bb i_icon_material=\u00bbvc-material vc-material-arrow_forward\u00bb add_icon=\u00bbtrue\u00bb link=\u00bburl:http%3A%2F%2Fwww.freefairandalive.org%2Fpatterns-illustrations%2F|title:Art%20%26%20Design||\u00bb][\/vc_column_inner][\/vc_row_inner][vc_row_inner][vc_column_inner width=\u00bb1\/4&#8243; offset=\u00bbvc_hidden-lg vc_hidden-md\u00bb][vc_single_image image=\u00bb2393&#8243; img_size=\u00bbfull\u00bb alignment=\u00bbcenter\u00bb onclick=\u00bbcustom_link\u00bb link=\u00bbhttp:\/\/www.freefairandalive.org\/read-it\/#AppendixB\u00bb el_class=\u00bbvisualgrammarbutton\u00bb][\/vc_column_inner][vc_column_inner width=\u00bb3\/4&#8243; offset=\u00bbvc_hidden-lg vc_hidden-md\u00bb][vc_images_carousel images=\u00bb2464,2471,2473,2475,2477,2478,2479,2480,2481,2490,2488,2485,2483,2489,2496,2495,2494,2493,2492,2491,2486,2497,2507,2506,2505,2504,2503,2502,2501,138,2500,2499,2498&#8243; img_size=\u00bbfull\u00bb onclick=\u00bblink_no\u00bb speed=\u00bb3000&#8243; autoplay=\u00bbyes\u00bb hide_pagination_control=\u00bbyes\u00bb wrap=\u00bbyes\u00bb][vc_btn title=\u00bbAll Art &amp; Designs\u00bb style=\u00bboutline\u00bb shape=\u00bbround\u00bb color=\u00bbblack\u00bb size=\u00bblg\u00bb align=\u00bbright\u00bb i_align=\u00bbright\u00bb i_type=\u00bbmaterial\u00bb i_icon_material=\u00bbvc-material vc-material-arrow_forward\u00bb add_icon=\u00bbtrue\u00bb link=\u00bburl:http%3A%2F%2Fwww.freefairandalive.org%2Fart-design%2F|||\u00bb][\/vc_column_inner][\/vc_row_inner][\/vc_column][\/vc_row]<\/p>\n<\/div>","protected":false},"excerpt":{"rendered":"<p>[vc_row full_width=\u00bbstretch_row\u00bb][vc_column width=\u00bb1\/4&#8243;][\/vc_column][vc_column width=\u00bb1\/2&#8243;][vc_single_image image=\u00bb2955&#8243; img_size=\u00bbfull\u00bb alignment=\u00bbcenter\u00bb onclick=\u00bbcustom_link\u00bb css_animation=\u00bbfadeIn\u00bb link=\u00bbhttps:\/\/www.freefairandalive.org\/es\/leelo\/\u00bb][\/vc_column][vc_column width=\u00bb1\/4&#8243;][\/vc_column][\/vc_row][vc_row full_width=\u00bbstretch_row\u00bb css=\u00bb.vc_custom_1562514920439{padding-bottom: 30px !important;}\u00bb][vc_column][vc_text_separator title=\u00bbAcerca de &#8216;Libres, dignos, vivos&#8217;\u00bb title_align=\u00bbseparator_align_left\u00bb align=\u00bbalign_right\u00bb color=\u00bbblack\u00bb el_class=\u00bbpagetitle\u00bb][vc_row_inner][vc_column_inner width=\u00bb1\/6&#8243;][\/vc_column_inner][vc_column_inner width=\u00bb2\/3&#8243;][vc_column_text] Libres, dignos, vivos: el poder subversivo de los comunes es un replanteamiento fundacional de los comunes, los sistemas sociales autogestionados que los seres humanos han usado para satisfacer sus&hellip;<\/p>\n","protected":false},"author":4,"featured_media":0,"parent":0,"menu_order":0,"comment_status":"closed","ping_status":"closed","template":"","meta":{"footnotes":"","_links_to":"","_links_to_target":""},"class_list":["post-2441","page","type-page","status-publish","hentry"],"_links":{"self":[{"href":"https:\/\/freefairandalive.org\/es\/wp-json\/wp\/v2\/pages\/2441","targetHints":{"allow":["GET"]}}],"collection":[{"href":"https:\/\/freefairandalive.org\/es\/wp-json\/wp\/v2\/pages"}],"about":[{"href":"https:\/\/freefairandalive.org\/es\/wp-json\/wp\/v2\/types\/page"}],"author":[{"embeddable":true,"href":"https:\/\/freefairandalive.org\/es\/wp-json\/wp\/v2\/users\/4"}],"replies":[{"embeddable":true,"href":"https:\/\/freefairandalive.org\/es\/wp-json\/wp\/v2\/comments?post=2441"}],"version-history":[{"count":20,"href":"https:\/\/freefairandalive.org\/es\/wp-json\/wp\/v2\/pages\/2441\/revisions"}],"predecessor-version":[{"id":3369,"href":"https:\/\/freefairandalive.org\/es\/wp-json\/wp\/v2\/pages\/2441\/revisions\/3369"}],"wp:attachment":[{"href":"https:\/\/freefairandalive.org\/es\/wp-json\/wp\/v2\/media?parent=2441"}],"curies":[{"name":"wp","href":"https:\/\/api.w.org\/{rel}","templated":true}]}}