{"id":1508,"date":"2019-07-30T15:42:11","date_gmt":"2019-07-30T15:42:11","guid":{"rendered":"https:\/\/www.freefairandalive.org\/?page_id=1508"},"modified":"2020-06-02T17:51:26","modified_gmt":"2020-06-02T17:51:26","slug":"pressestimmen-zu-frei-fair-und-lebendig","status":"publish","type":"page","link":"https:\/\/freefairandalive.org\/de\/pressestimmen-zu-frei-fair-und-lebendig\/","title":{"rendered":"Pressestimmen zu Frei, fair und lebendig"},"content":{"rendered":"<div class=\"wpb-content-wrapper\"><p>[vc_row css=&#8220;.vc_custom_1564503240494{padding-top: 30px !important;}&#8220;][vc_column][vc_text_separator title=&#8220;Pressestimmen zu &#8222;Frei, fair und lebendig&#8222;&#8220; title_align=&#8220;separator_align_left&#8220; align=&#8220;align_right&#8220; color=&#8220;black&#8220; el_class=&#8220;pagetitle&#8220;][\/vc_column][\/vc_row][vc_row][vc_column width=&#8220;1\/6&#8243;][\/vc_column][vc_column width=&#8220;2\/3&#8243;][vc_row_inner css=&#8220;.vc_custom_1564503232777{padding-top: 30px !important;}&#8220;][vc_column_inner width=&#8220;1\/5&#8243;][vc_single_image image=&#8220;1764&#8243; img_size=&#8220;full&#8220; alignment=&#8220;center&#8220; style=&#8220;vc_box_circle&#8220;][\/vc_column_inner][vc_column_inner width=&#8220;4\/5&#8243;][vc_column_text]<\/p>\n<blockquote><p>\u00bbDie Lekt\u00fcre ist inspirierend und wichtig angesichts der [&#8230;] erschreckend gro\u00dfen Ideenlosigkeit, wenn es darum geht, eine Antwort auf die Frage zu geben, wie die Menschheit der \u00f6kosozialen Katastrophe entkommen und trotzdem eine lebenswerte Welt schaffen k\u00f6nnte. Die Autoren setzen [dem] einen mutigen und radikalen Wurf entgegen.\u00ab<\/p>\n<p><cite>\u2014 <strong>Caspar Dohmen<\/strong>, DLF Andruck<\/cite><\/p><\/blockquote>\n<p>[\/vc_column_text][\/vc_column_inner][\/vc_row_inner][vc_separator color=&#8220;custom&#8220; accent_color=&#8220;#cccccc&#8220; css=&#8220;.vc_custom_1564502232656{padding-top: 20px !important;padding-bottom: 20px !important;}&#8220;][vc_row_inner][vc_column_inner width=&#8220;1\/5&#8243;][vc_single_image image=&#8220;1381&#8243; img_size=&#8220;full&#8220; alignment=&#8220;center&#8220; style=&#8220;vc_box_circle&#8220; css=&#8220;.vc_custom_1564502590901{padding-right: 0px !important;}&#8220;][\/vc_column_inner][vc_column_inner width=&#8220;4\/5&#8243;][vc_column_text]<\/p>\n<blockquote><p>&#8222;Like a medieval cathedral this book is both philosophically lofty and as down-to-earth as a gargoyle. Its structure is encompassing and harmonious, buttressed by psychology, cybernetics, and social science. Magnificent windows let insights illuminate a new world of common facts and a new paradigm of understanding. Major ideas such as the Nested-I or Ubuntu Relationality infuse the whole, tentatively at first but with mounting conviction as this edifice of our future is constructed block by block of example and of reasoning to become a place of refuge from the destructive elements of neoliberalism and a place of collectivity against the fears it instills. Common sense and the sense of the commons are united at last, so, men and women of the commons, let us be up and doing.&#8220;<br \/>\n<cite>\u2014 <strong>Peter Linebaugh<\/strong>, Historian and author, &#8218;Stop, Thief!: The Commons, Enclosures, And Resistance&#8216;<\/cite><\/p><\/blockquote>\n<p>[\/vc_column_text][\/vc_column_inner][\/vc_row_inner][vc_separator color=&#8220;custom&#8220; accent_color=&#8220;#cccccc&#8220; css=&#8220;.vc_custom_1564502232656{padding-top: 20px !important;padding-bottom: 20px !important;}&#8220;][vc_row_inner][vc_column_inner width=&#8220;1\/5&#8243;][vc_single_image image=&#8220;1766&#8243; img_size=&#8220;full&#8220; alignment=&#8220;center&#8220; style=&#8220;vc_box_circle&#8220; css=&#8220;.vc_custom_1569133753863{padding-right: 0px !important;}&#8220;][\/vc_column_inner][vc_column_inner width=&#8220;4\/5&#8243;][vc_column_text]<\/p>\n<blockquote><p><cite>\u00bbDas Buch will all jenen Mut zum (Um-)Denken und Handeln machen, die mit der aktuellen, lokalen und globalen kapitalistischen und menschenunw\u00fcrdigen Entwicklung in der Welt unzufrieden sind und individuell und gemeinschaftlich einen Perspektivenwechsel hin zum Commoning erreichen wollen.\u00ab <\/cite><\/p>\n<p><cite>\u2014 <strong>Jos Schnurer<\/strong>, www.socialnet.de <\/cite><\/p><\/blockquote>\n<p>[\/vc_column_text][\/vc_column_inner][\/vc_row_inner][vc_separator color=&#8220;custom&#8220; accent_color=&#8220;#cccccc&#8220; css=&#8220;.vc_custom_1564502232656{padding-top: 20px !important;padding-bottom: 20px !important;}&#8220;][vc_row_inner][vc_column_inner width=&#8220;1\/5&#8243;][vc_single_image image=&#8220;1379&#8243; img_size=&#8220;full&#8220; alignment=&#8220;center&#8220; style=&#8220;vc_box_circle&#8220; css=&#8220;.vc_custom_1564502579149{padding-right: 0px !important;}&#8220;][\/vc_column_inner][vc_column_inner width=&#8220;4\/5&#8243;][vc_column_text]<\/p>\n<blockquote><p>&#8222;Free, Fair and Alive is an inspiring treatise for our troubled times. It presents a passionate argument for commoning and lays out thoughtful rules to follow to enact a commoned world. Its insurgent worldview is bold, caring, exciting, and challenging all at once. This book offers hope as well as down to earth strategies to all who care for the future of this planet.&#8220;<br \/>\n<cite>\u2014 <strong>J.K. Gibson-Graham<\/strong>, <strong>Jenny Cameron<\/strong> and <strong>Stephen Healy<\/strong>, authors of &#8218;<em>Take Back the Economy: An Ethical Guide for Transforming Our Communities&#8216; <\/em><\/cite><\/p><\/blockquote>\n<p>[\/vc_column_text][\/vc_column_inner][\/vc_row_inner][vc_separator color=&#8220;custom&#8220; accent_color=&#8220;#cccccc&#8220; css=&#8220;.vc_custom_1564502232656{padding-top: 20px !important;padding-bottom: 20px !important;}&#8220;][vc_row_inner][vc_column_inner width=&#8220;1\/5&#8243;][vc_single_image image=&#8220;1760&#8243; img_size=&#8220;full&#8220; alignment=&#8220;center&#8220; style=&#8220;vc_box_circle&#8220; css=&#8220;.vc_custom_1569133773852{padding-right: 0px !important;}&#8220;][\/vc_column_inner][vc_column_inner width=&#8220;4\/5&#8243;][vc_column_text]<\/p>\n<blockquote><p>\u00bbDie Autor*in entwirft eine un-kapitalistische Vision von \u00d6konomie, schwebt dabei aber nicht in abstrakten Gedankenspielen, sondern schildert das anhand von Beispielen aus dem richtigen, real existierenden Leben.\u00ab<\/p>\n<p><cite>\u2014 <strong>Antje Schrupp<\/strong>, https:\/\/antjeschrupp.com <\/cite><\/p><\/blockquote>\n<p>[\/vc_column_text][\/vc_column_inner][\/vc_row_inner][vc_separator color=&#8220;custom&#8220; accent_color=&#8220;#cccccc&#8220; css=&#8220;.vc_custom_1564502232656{padding-top: 20px !important;padding-bottom: 20px !important;}&#8220;][vc_row_inner][vc_column_inner width=&#8220;1\/5&#8243;][vc_single_image image=&#8220;1377&#8243; img_size=&#8220;full&#8220; alignment=&#8220;center&#8220; style=&#8220;vc_box_circle&#8220; css=&#8220;.vc_custom_1564502564266{padding-right: 0px !important;}&#8220;][\/vc_column_inner][vc_column_inner width=&#8220;4\/5&#8243;][vc_column_text]<\/p>\n<blockquote><p>&#8222;David Bollier and Silke Helfrich don\u2019t just establish that commoning can work, and work well. They\u2019ve analysed the contours of successful experiments in how humans have come together to make their worlds freer, fairer and more alive. This book is an expansive, thorough, and deeply thoughtful guide to a possible future politics. All that remains is for us to take up their call: not to do it ourselves, but to do it together.&#8220;<br \/>\n<cite>\u2014 <strong>Raj Patel<\/strong>, author &#8218;The Value of Nothing and Stuffed and Starved&#8216;<\/cite><\/p><\/blockquote>\n<p>[\/vc_column_text][\/vc_column_inner][\/vc_row_inner][vc_separator color=&#8220;custom&#8220; accent_color=&#8220;#cccccc&#8220; css=&#8220;.vc_custom_1564502232656{padding-top: 20px !important;padding-bottom: 20px !important;}&#8220;][vc_row_inner][vc_column_inner width=&#8220;1\/5&#8243;][vc_single_image image=&#8220;1380&#8243; img_size=&#8220;full&#8220; alignment=&#8220;center&#8220; style=&#8220;vc_box_circle&#8220; css=&#8220;.vc_custom_1564502584700{padding-right: 0px !important;}&#8220;][\/vc_column_inner][vc_column_inner width=&#8220;4\/5&#8243;][vc_column_text]<\/p>\n<blockquote><p>&#8222;<em>Free, Fair and Alive <\/em>shows the path to respond to the ecological emergency and the polarisation of society, economically, socially, culturally. The recovery and co-creation of the commons offers hope for the planet and people. Through commoning we sow the seeds of Earth Democracy and our future.&#8220;<br \/>\n<cite>\u2014 <strong>Vandana Shiva<\/strong>, activist and author, &#8218;Earth Democracy&#8216; <\/cite><\/p><\/blockquote>\n<p>[\/vc_column_text][\/vc_column_inner][\/vc_row_inner][vc_separator color=&#8220;custom&#8220; accent_color=&#8220;#cccccc&#8220; css=&#8220;.vc_custom_1564502232656{padding-top: 20px !important;padding-bottom: 20px !important;}&#8220;][vc_row_inner][vc_column_inner width=&#8220;1\/5&#8243;][vc_single_image image=&#8220;1762&#8243; img_size=&#8220;full&#8220; alignment=&#8220;center&#8220; style=&#8220;vc_box_circle&#8220; css=&#8220;.vc_custom_1569133797749{padding-right: 0px !important;}&#8220;][\/vc_column_inner][vc_column_inner width=&#8220;4\/5&#8243;][vc_column_text]<\/p>\n<blockquote><p><cite>\u00bbCommons sind nicht ein Muster von Systemgegnern, sondern verantwortungsvoll handelnde Menschen.\u00ab <\/cite><\/p>\n<p><cite>\u2014 <strong>Harald Gr\u00fcndl<\/strong>, Die Presse <\/cite><\/p><\/blockquote>\n<p>[\/vc_column_text][\/vc_column_inner][\/vc_row_inner][vc_separator color=&#8220;custom&#8220; accent_color=&#8220;#cccccc&#8220; css=&#8220;.vc_custom_1564502232656{padding-top: 20px !important;padding-bottom: 20px !important;}&#8220;][vc_row_inner][vc_column_inner width=&#8220;1\/5&#8243;][vc_single_image image=&#8220;1404&#8243; img_size=&#8220;full&#8220; alignment=&#8220;center&#8220; style=&#8220;vc_box_circle&#8220; css=&#8220;.vc_custom_1564503212001{padding-right: 0px !important;}&#8220;][\/vc_column_inner][vc_column_inner width=&#8220;4\/5&#8243;][vc_column_text]<\/p>\n<blockquote><p>&#8222;The commons and the Economy for the Common Good complement each other perfectly. Both approaches provide concrete and proven alternatives to the current, dominant economic system, and both, in contrast to this dominant system, are based on widely shared basic social values.&#8220;<br \/>\n<cite>\u2014 <strong>Christian Felber<\/strong>, Co-founder of the Economy for the Common Good. <\/cite><\/p><\/blockquote>\n<p>[\/vc_column_text][\/vc_column_inner][\/vc_row_inner][vc_separator color=&#8220;custom&#8220; accent_color=&#8220;#cccccc&#8220; css=&#8220;.vc_custom_1564502232656{padding-top: 20px !important;padding-bottom: 20px !important;}&#8220;][vc_row_inner][vc_column_inner width=&#8220;1\/5&#8243;][vc_single_image image=&#8220;1757&#8243; img_size=&#8220;full&#8220; alignment=&#8220;center&#8220; style=&#8220;vc_box_circle&#8220; css=&#8220;.vc_custom_1569133812769{padding-right: 0px !important;}&#8220;][\/vc_column_inner][vc_column_inner width=&#8220;4\/5&#8243;][vc_column_text]<\/p>\n<blockquote><p><cite>\u00bbDer umfassende Ansatz des Buches hat das Potenzial, zu einem Meilenstein f\u00fcr die Transformation zu werden.\u00ab <\/cite><\/p>\n<p><cite>\u2014 <strong>Annett Jensen<\/strong>, taz <\/cite><\/p><\/blockquote>\n<p>[\/vc_column_text][\/vc_column_inner][\/vc_row_inner][vc_separator color=&#8220;custom&#8220; accent_color=&#8220;#cccccc&#8220; css=&#8220;.vc_custom_1564502232656{padding-top: 20px !important;padding-bottom: 20px !important;}&#8220;][vc_row_inner][vc_column_inner width=&#8220;1\/5&#8243;][vc_single_image image=&#8220;1403&#8243; img_size=&#8220;full&#8220; alignment=&#8220;center&#8220; style=&#8220;vc_box_circle&#8220; css=&#8220;.vc_custom_1564503194724{padding-right: 0px !important;}&#8220;][\/vc_column_inner][vc_column_inner width=&#8220;4\/5&#8243;][vc_column_text]<\/p>\n<blockquote><p>&#8222;Highly relevant and well written&#8220;<br \/>\n<cite>\u2014 <strong>Prof. Dr. Ernst Ulrich von Weizs\u00e4cker<\/strong><\/cite><\/p><\/blockquote>\n<p>[\/vc_column_text][\/vc_column_inner][\/vc_row_inner][vc_separator color=&#8220;custom&#8220; accent_color=&#8220;#cccccc&#8220; css=&#8220;.vc_custom_1564502232656{padding-top: 20px !important;padding-bottom: 20px !important;}&#8220;][\/vc_column][vc_column width=&#8220;1\/6&#8243;][\/vc_column][\/vc_row]<\/p>\n<\/div>","protected":false},"excerpt":{"rendered":"<p>[vc_row css=&#8220;.vc_custom_1564503240494{padding-top: 30px !important;}&#8220;][vc_column][vc_text_separator title=&#8220;Pressestimmen zu &#8222;Frei, fair und lebendig&#8222;&#8220; title_align=&#8220;separator_align_left&#8220; align=&#8220;align_right&#8220; color=&#8220;black&#8220; el_class=&#8220;pagetitle&#8220;][\/vc_column][\/vc_row][vc_row][vc_column width=&#8220;1\/6&#8243;][\/vc_column][vc_column width=&#8220;2\/3&#8243;][vc_row_inner css=&#8220;.vc_custom_1564503232777{padding-top: 30px !important;}&#8220;][vc_column_inner width=&#8220;1\/5&#8243;][vc_single_image image=&#8220;1764&#8243; img_size=&#8220;full&#8220; alignment=&#8220;center&#8220; style=&#8220;vc_box_circle&#8220;][\/vc_column_inner][vc_column_inner width=&#8220;4\/5&#8243;][vc_column_text] \u00bbDie Lekt\u00fcre ist inspirierend und wichtig angesichts der [&#8230;] erschreckend gro\u00dfen Ideenlosigkeit, wenn es darum geht, eine Antwort auf die Frage zu geben, wie die Menschheit der \u00f6kosozialen Katastrophe entkommen&hellip;<\/p>\n","protected":false},"author":4,"featured_media":0,"parent":0,"menu_order":0,"comment_status":"closed","ping_status":"closed","template":"","meta":{"footnotes":"","_links_to":"","_links_to_target":""},"class_list":["post-1508","page","type-page","status-publish","hentry"],"_links":{"self":[{"href":"https:\/\/freefairandalive.org\/de\/wp-json\/wp\/v2\/pages\/1508","targetHints":{"allow":["GET"]}}],"collection":[{"href":"https:\/\/freefairandalive.org\/de\/wp-json\/wp\/v2\/pages"}],"about":[{"href":"https:\/\/freefairandalive.org\/de\/wp-json\/wp\/v2\/types\/page"}],"author":[{"embeddable":true,"href":"https:\/\/freefairandalive.org\/de\/wp-json\/wp\/v2\/users\/4"}],"replies":[{"embeddable":true,"href":"https:\/\/freefairandalive.org\/de\/wp-json\/wp\/v2\/comments?post=1508"}],"version-history":[{"count":9,"href":"https:\/\/freefairandalive.org\/de\/wp-json\/wp\/v2\/pages\/1508\/revisions"}],"predecessor-version":[{"id":2778,"href":"https:\/\/freefairandalive.org\/de\/wp-json\/wp\/v2\/pages\/1508\/revisions\/2778"}],"wp:attachment":[{"href":"https:\/\/freefairandalive.org\/de\/wp-json\/wp\/v2\/media?parent=1508"}],"curies":[{"name":"wp","href":"https:\/\/api.w.org\/{rel}","templated":true}]}}